{"id":803,"date":"2024-09-09T11:00:22","date_gmt":"2024-09-09T11:00:22","guid":{"rendered":"https:\/\/scoalamartisor.ro\/?page_id=803"},"modified":"2024-09-10T10:09:17","modified_gmt":"2024-09-10T10:09:17","slug":"burse-si-ajutoare-sociale-2024","status":"publish","type":"page","link":"https:\/\/scoalamartisor.ro\/?page_id=803","title":{"rendered":"Burse \u0219i Ajutoare Sociale 2024"},"content":{"rendered":"\n<p><\/p>\n\n\n\n<p><\/p>\n\n\n\n<p class=\"has-text-align-center\">Cerere burs\u0103 excelen\u021b\u0103 olimpic\u0103 I<\/p>\n\n\n\n<div class=\"wp-block-file aligncenter\"><a id=\"wp-block-file--media-08a5017f-c264-4aa2-b683-000a2d278d0f\" href=\"https:\/\/scoalamartisor.ro\/wp-content\/uploads\/2024\/09\/1.-CERERE-BURSA-EXCELENTA-OLIMPICA-I-2024.docx\">CERERE BURS\u0102 EXCELEN\u021a\u0102 OLIMPIC\u0102 I<\/a><a href=\"https:\/\/scoalamartisor.ro\/wp-content\/uploads\/2024\/09\/1.-CERERE-BURSA-EXCELENTA-OLIMPICA-I-2024.docx\" class=\"wp-block-file__button wp-element-button\" download aria-describedby=\"wp-block-file--media-08a5017f-c264-4aa2-b683-000a2d278d0f\">Download<\/a><\/div>\n\n\n\n<hr class=\"wp-block-separator has-alpha-channel-opacity is-style-default\"\/>\n\n\n\n<p class=\"has-text-align-center\">Cerere burs\u0103 excelen\u021b\u0103 olimpic\u0103 II<\/p>\n\n\n\n<div class=\"wp-block-file aligncenter\"><a id=\"wp-block-file--media-6c161c53-10d0-4ecd-8481-554a926d3ccb\" href=\"https:\/\/scoalamartisor.ro\/wp-content\/uploads\/2024\/09\/2.-CERERE-BURSA-EXCELENTA-OLIMPICA-II-2024.docx\">CERERE BURS\u0102 EXCELEN\u021a\u0102 OLIMPIC\u0102 II<\/a><a href=\"https:\/\/scoalamartisor.ro\/wp-content\/uploads\/2024\/09\/2.-CERERE-BURSA-EXCELENTA-OLIMPICA-II-2024.docx\" class=\"wp-block-file__button wp-element-button\" download aria-describedby=\"wp-block-file--media-6c161c53-10d0-4ecd-8481-554a926d3ccb\">Download<\/a><\/div>\n\n\n\n<hr class=\"wp-block-separator has-alpha-channel-opacity\"\/>\n\n\n\n<p class=\"has-text-align-center\">Cerere burs\u0103 de merit<\/p>\n\n\n\n<div class=\"wp-block-file aligncenter\"><a id=\"wp-block-file--media-0db67545-3fcb-40a0-856d-7755ba4d800e\" href=\"https:\/\/scoalamartisor.ro\/wp-content\/uploads\/2024\/09\/3.-CERERE-BURSA-DE-MERITdiplome2024.docx\">CERERE BURS\u0102 DE MERIT<\/a><a href=\"https:\/\/scoalamartisor.ro\/wp-content\/uploads\/2024\/09\/3.-CERERE-BURSA-DE-MERITdiplome2024.docx\" class=\"wp-block-file__button wp-element-button\" download aria-describedby=\"wp-block-file--media-0db67545-3fcb-40a0-856d-7755ba4d800e\">Download<\/a><\/div>\n\n\n\n<hr class=\"wp-block-separator has-alpha-channel-opacity\"\/>\n\n\n\n<p class=\"has-text-align-center\">Cerere burs\u0103 social\u0103 venit mic<\/p>\n\n\n\n<div class=\"wp-block-file aligncenter\"><a id=\"wp-block-file--media-d6bde18a-5550-4bd0-985a-f28c912e5216\" href=\"https:\/\/scoalamartisor.ro\/wp-content\/uploads\/2024\/09\/4.CERERE-BURSE-SOCIALA-VENIT-MIC.docx\">CERERE BURS\u0102 SOCIAL\u0102 &#8211; VENIT MIC<\/a><a href=\"https:\/\/scoalamartisor.ro\/wp-content\/uploads\/2024\/09\/4.CERERE-BURSE-SOCIALA-VENIT-MIC.docx\" class=\"wp-block-file__button wp-element-button\" download aria-describedby=\"wp-block-file--media-d6bde18a-5550-4bd0-985a-f28c912e5216\">Download<\/a><\/div>\n\n\n\n<hr class=\"wp-block-separator has-alpha-channel-opacity\"\/>\n\n\n\n<p class=\"has-text-align-center\">Cerere burs\u0103 social\u0103 orfan<\/p>\n\n\n\n<div class=\"wp-block-file aligncenter\"><a id=\"wp-block-file--media-c2573482-50d0-4e96-92e1-efc95ae3cdf1\" href=\"https:\/\/scoalamartisor.ro\/wp-content\/uploads\/2024\/09\/5.CERERE-BURSE-SOCIALA-orfan.docx\">CERERE BURS\u0102 SOCIAL\u0102 &#8211; ORFAN<\/a><a href=\"https:\/\/scoalamartisor.ro\/wp-content\/uploads\/2024\/09\/5.CERERE-BURSE-SOCIALA-orfan.docx\" class=\"wp-block-file__button wp-element-button\" download aria-describedby=\"wp-block-file--media-c2573482-50d0-4e96-92e1-efc95ae3cdf1\">Download<\/a><\/div>\n\n\n\n<hr class=\"wp-block-separator has-alpha-channel-opacity\"\/>\n\n\n\n<p class=\"has-text-align-center\">Cerere burs\u0103 social\u0103 monoparental\u0103<\/p>\n\n\n\n<div class=\"wp-block-file aligncenter\"><a id=\"wp-block-file--media-c31d4342-c78b-4217-88c8-d3f31131d089\" href=\"https:\/\/scoalamartisor.ro\/wp-content\/uploads\/2024\/09\/6.CERERE-BURSE-SOCIALA-monoparentala.docx\">CERERE BURS\u0102 SOCIAL\u0102 &#8211; MONOPARENTAL\u0102<\/a><a href=\"https:\/\/scoalamartisor.ro\/wp-content\/uploads\/2024\/09\/6.CERERE-BURSE-SOCIALA-monoparentala.docx\" class=\"wp-block-file__button wp-element-button\" download aria-describedby=\"wp-block-file--media-c31d4342-c78b-4217-88c8-d3f31131d089\">Download<\/a><\/div>\n\n\n\n<hr class=\"wp-block-separator has-alpha-channel-opacity\"\/>\n\n\n\n<p class=\"has-text-align-center\">Cerere burs\u0103 social\u0103 medical\u0103<\/p>\n\n\n\n<div class=\"wp-block-file aligncenter\"><a id=\"wp-block-file--media-cf2ada78-69aa-47df-a175-d7070fb9a1db\" href=\"https:\/\/scoalamartisor.ro\/wp-content\/uploads\/2024\/09\/7.CERERE-BURSE-SOCIALA-medicala.docx\">CERERE BURS\u0102 SOCIAL\u0102 &#8211; MEDICAL\u0102<\/a><a href=\"https:\/\/scoalamartisor.ro\/wp-content\/uploads\/2024\/09\/7.CERERE-BURSE-SOCIALA-medicala.docx\" class=\"wp-block-file__button wp-element-button\" download aria-describedby=\"wp-block-file--media-cf2ada78-69aa-47df-a175-d7070fb9a1db\">Download<\/a><\/div>\n\n\n\n<hr class=\"wp-block-separator has-alpha-channel-opacity\"\/>\n\n\n\n<p class=\"has-text-align-center\">Cerere de acordare rechizite \u0219colare gratuite<\/p>\n\n\n\n<div class=\"wp-block-file aligncenter\"><a id=\"wp-block-file--media-97ca9995-5b9e-41a5-9dd6-bc8828ae2837\" href=\"https:\/\/scoalamartisor.ro\/wp-content\/uploads\/2024\/09\/8.CERERE-acordare-rechizite-scolare-gratuite-1.pdf\">CERERE DE ACORDARE RECHIZITE \u0218COLARE GRATUITE<\/a><a href=\"https:\/\/scoalamartisor.ro\/wp-content\/uploads\/2024\/09\/8.CERERE-acordare-rechizite-scolare-gratuite-1.pdf\" class=\"wp-block-file__button wp-element-button\" download aria-describedby=\"wp-block-file--media-97ca9995-5b9e-41a5-9dd6-bc8828ae2837\">Download<\/a><\/div>\n\n\n\n<hr class=\"wp-block-separator has-alpha-channel-opacity\"\/>\n\n\n\n<p class=\"has-text-align-center\"><strong>Preciz\u0103ri privind acordarea rechizitelor \u0219colare gratuite pentru anul \u0219colar 2024-2025<\/strong><\/p>\n\n\n\n<div class=\"wp-block-file aligncenter\"><a id=\"wp-block-file--media-1541e09c-32ba-4bb7-b07e-c03011da5c6f\" href=\"https:\/\/scoalamartisor.ro\/wp-content\/uploads\/2024\/09\/Precizari-acordare-rechizite-scolare-2024-2025-1.pdf\">PRECIZ\u0102RI ACORDARE RECHIZITE \u0218COLARE GRATUITE 2024-2025 <\/a><a href=\"https:\/\/scoalamartisor.ro\/wp-content\/uploads\/2024\/09\/Precizari-acordare-rechizite-scolare-2024-2025-1.pdf\" class=\"wp-block-file__button wp-element-button\" download aria-describedby=\"wp-block-file--media-1541e09c-32ba-4bb7-b07e-c03011da5c6f\">Download<\/a><\/div>\n","protected":false},"excerpt":{"rendered":"<p>Cerere burs\u0103 excelen\u021b\u0103 olimpic\u0103 I Cerere burs\u0103 excelen\u021b\u0103 olimpic\u0103 II Cerere burs\u0103 de merit Cerere burs\u0103 social\u0103 venit mic Cerere burs\u0103 social\u0103 orfan Cerere burs\u0103 social\u0103 monoparental\u0103 Cerere burs\u0103 social\u0103 medical\u0103 Cerere de acordare rechizite \u0219colare gratuite Preciz\u0103ri privind acordarea rechizitelor \u0219colare gratuite pentru anul \u0219colar 2024-2025<\/p>\n","protected":false},"author":3,"featured_media":0,"parent":0,"menu_order":0,"comment_status":"closed","ping_status":"closed","template":"","meta":{"neve_meta_sidebar":"","neve_meta_container":"","neve_meta_enable_content_width":"","neve_meta_content_width":0,"neve_meta_title_alignment":"","neve_meta_author_avatar":"","neve_post_elements_order":"","neve_meta_disable_header":"","neve_meta_disable_footer":"","neve_meta_disable_title":"","footnotes":""},"class_list":["post-803","page","type-page","status-publish","hentry"],"_links":{"self":[{"href":"https:\/\/scoalamartisor.ro\/index.php?rest_route=\/wp\/v2\/pages\/803","targetHints":{"allow":["GET"]}}],"collection":[{"href":"https:\/\/scoalamartisor.ro\/index.php?rest_route=\/wp\/v2\/pages"}],"about":[{"href":"https:\/\/scoalamartisor.ro\/index.php?rest_route=\/wp\/v2\/types\/page"}],"author":[{"embeddable":true,"href":"https:\/\/scoalamartisor.ro\/index.php?rest_route=\/wp\/v2\/users\/3"}],"replies":[{"embeddable":true,"href":"https:\/\/scoalamartisor.ro\/index.php?rest_route=%2Fwp%2Fv2%2Fcomments&post=803"}],"version-history":[{"count":23,"href":"https:\/\/scoalamartisor.ro\/index.php?rest_route=\/wp\/v2\/pages\/803\/revisions"}],"predecessor-version":[{"id":859,"href":"https:\/\/scoalamartisor.ro\/index.php?rest_route=\/wp\/v2\/pages\/803\/revisions\/859"}],"wp:attachment":[{"href":"https:\/\/scoalamartisor.ro\/index.php?rest_route=%2Fwp%2Fv2%2Fmedia&parent=803"}],"curies":[{"name":"wp","href":"https:\/\/api.w.org\/{rel}","templated":true}]}}