{"id":414,"date":"2023-03-15T18:11:26","date_gmt":"2023-03-15T18:11:26","guid":{"rendered":"https:\/\/scoalamartisor.ro\/?page_id=414"},"modified":"2026-03-10T17:32:03","modified_gmt":"2026-03-10T17:32:03","slug":"concursuri-si-olimpiade","status":"publish","type":"page","link":"https:\/\/scoalamartisor.ro\/?page_id=414","title":{"rendered":"Concursuri \u0219i Olimpiade"},"content":{"rendered":"\n<figure class=\"wp-block-image alignwide size-large\"><img loading=\"lazy\" decoding=\"async\" width=\"1024\" height=\"288\" src=\"https:\/\/scoalamartisor.ro\/wp-content\/uploads\/2023\/03\/olimpiade-1-1024x288.jpg\" alt=\"\" class=\"wp-image-421\" srcset=\"https:\/\/scoalamartisor.ro\/wp-content\/uploads\/2023\/03\/olimpiade-1-1024x288.jpg 1024w, https:\/\/scoalamartisor.ro\/wp-content\/uploads\/2023\/03\/olimpiade-1-300x84.jpg 300w, https:\/\/scoalamartisor.ro\/wp-content\/uploads\/2023\/03\/olimpiade-1-768x216.jpg 768w, https:\/\/scoalamartisor.ro\/wp-content\/uploads\/2023\/03\/olimpiade-1-1536x432.jpg 1536w, https:\/\/scoalamartisor.ro\/wp-content\/uploads\/2023\/03\/olimpiade-1-2048x575.jpg 2048w\" sizes=\"auto, (max-width: 1024px) 100vw, 1024px\" \/><\/figure>\n\n\n\n<hr class=\"wp-block-separator has-alpha-channel-opacity\"\/>\n\n\n\n<p><\/p>\n\n\n\n\n\n<p><\/p>\n\n\n\n<div class=\"wp-block-file aligncenter\"><a id=\"wp-block-file--media-f00d572a-886f-4179-8bab-5833d64dd0e1\" href=\"https:\/\/scoalamartisor.ro\/wp-content\/uploads\/2025\/01\/Lista-competitiilor-internationale-pe-discipline-scolare-si-proiecte-educative-desfasurate-in-Romania-si-in-strainatate.pdf\">2025 &#8211; Lista competi\u021biilor interna\u021bionale pe discipline \u0219colare \u0219i proiecte educative desf\u0103\u0219urate \u00een Rom\u00e2nia \u0219i \u00een str\u0103in\u0103tate<\/a><a href=\"https:\/\/scoalamartisor.ro\/wp-content\/uploads\/2025\/01\/Lista-competitiilor-internationale-pe-discipline-scolare-si-proiecte-educative-desfasurate-in-Romania-si-in-strainatate.pdf\" class=\"wp-block-file__button wp-element-button\" download aria-describedby=\"wp-block-file--media-f00d572a-886f-4179-8bab-5833d64dd0e1\">Download<\/a><\/div>\n\n\n\n<div class=\"wp-block-file aligncenter\"><a id=\"wp-block-file--media-06f5709d-431a-4f4c-9194-e86672765f81\" href=\"https:\/\/scoalamartisor.ro\/wp-content\/uploads\/2025\/01\/lista-proiectelor-de-educatie-extrascolara-internationale-nationale-regionale.pdf\">2025 &#8211; Lista proiectelor de educa\u021bie extra\u0219colar\u0103 interna\u021bionale, na\u021bionale, regionale<\/a><a href=\"https:\/\/scoalamartisor.ro\/wp-content\/uploads\/2025\/01\/lista-proiectelor-de-educatie-extrascolara-internationale-nationale-regionale.pdf\" class=\"wp-block-file__button wp-element-button\" download aria-describedby=\"wp-block-file--media-06f5709d-431a-4f4c-9194-e86672765f81\">Download<\/a><\/div>\n\n\n\n<p><\/p>\n\n\n\n<hr class=\"wp-block-separator has-alpha-channel-opacity\"\/>\n\n\n\n<p><\/p>\n\n\n\n<div class=\"wp-block-file aligncenter\"><a id=\"wp-block-file--media-b7752332-1cc6-48e2-ba7b-54d2bcb671e3\" href=\"https:\/\/scoalamartisor.ro\/wp-content\/uploads\/2024\/09\/SS_C257i_24091213160.pdf\">2024 &#8211; Lista competi\u021biilor interna\u021bionale pe discipline \u0219colare \u0219i proiecte educative desf\u0103\u0219urate \u00een Rom\u00e2nia \u0219i \u00een str\u0103inatate<\/a><a href=\"https:\/\/scoalamartisor.ro\/wp-content\/uploads\/2024\/09\/SS_C257i_24091213160.pdf\" class=\"wp-block-file__button wp-element-button\" download aria-describedby=\"wp-block-file--media-b7752332-1cc6-48e2-ba7b-54d2bcb671e3\">Download<\/a><\/div>\n\n\n\n<div class=\"wp-block-file aligncenter\"><a id=\"wp-block-file--media-bb652dea-c141-4103-bcf0-7bd0681ab643\" href=\"https:\/\/scoalamartisor.ro\/wp-content\/uploads\/2024\/09\/SS_C257i_24091213152.pdf\">2024 &#8211; Lista proiectelor de educa\u021bie extra\u0219colar\u0103 na\u021bionale \u0219i interna\u021bionale<\/a><a href=\"https:\/\/scoalamartisor.ro\/wp-content\/uploads\/2024\/09\/SS_C257i_24091213152.pdf\" class=\"wp-block-file__button wp-element-button\" download aria-describedby=\"wp-block-file--media-bb652dea-c141-4103-bcf0-7bd0681ab643\">Download<\/a><\/div>\n\n\n\n<p><\/p>\n\n\n\n<hr class=\"wp-block-separator has-alpha-channel-opacity\"\/>\n\n\n\n<p class=\"has-text-align-center\"><strong>Calendar olimpiade concursuri interna\u021bionale<\/strong><\/p>\n\n\n\n<div class=\"wp-block-file aligncenter\"><a id=\"wp-block-file--media-2d4a45cf-dc7d-49d8-b904-890edd2cb06a\" href=\"https:\/\/scoalamartisor.ro\/wp-content\/uploads\/2023\/03\/01_Calendar_Olimpiade_concursuri_internationale_2023.pdf\" target=\"_blank\" rel=\"noreferrer noopener\">01. Calendar olimpiade concursuri internationale 2023<\/a><a href=\"https:\/\/scoalamartisor.ro\/wp-content\/uploads\/2023\/03\/01_Calendar_Olimpiade_concursuri_internationale_2023.pdf\" class=\"wp-block-file__button wp-element-button\" download aria-describedby=\"wp-block-file--media-2d4a45cf-dc7d-49d8-b904-890edd2cb06a\">Download<\/a><\/div>\n\n\n\n<div class=\"wp-block-file aligncenter\"><a id=\"wp-block-file--media-a8e0de4e-941a-4999-8a37-15693636ce9d\" href=\"https:\/\/scoalamartisor.ro\/wp-content\/uploads\/2023\/03\/Anexa1_Lista_Olimpiade_concursuri_internationale_2023.pdf\" target=\"_blank\" rel=\"noreferrer noopener\">Anexa 1 Lista olimpiade concursuri internationale 2023<\/a><a href=\"https:\/\/scoalamartisor.ro\/wp-content\/uploads\/2023\/03\/Anexa1_Lista_Olimpiade_concursuri_internationale_2023.pdf\" class=\"wp-block-file__button wp-element-button\" download aria-describedby=\"wp-block-file--media-a8e0de4e-941a-4999-8a37-15693636ce9d\">Download<\/a><\/div>\n\n\n\n<p><\/p>\n\n\n\n<p class=\"has-text-align-center\"><strong>Calendar olimpiade<\/strong> <strong>na\u021bionale \u0219colare<\/strong><\/p>\n\n\n\n<div class=\"wp-block-file aligncenter\"><a id=\"wp-block-file--media-31482a83-6241-4ea8-a30c-458e44800a3f\" href=\"https:\/\/scoalamartisor.ro\/wp-content\/uploads\/2023\/03\/02_Calendar_Olimpiade_nationale_scolare_2023.pdf\" target=\"_blank\" rel=\"noreferrer noopener\">02. Calendar olimpiade nationale scolare 2023<\/a><a href=\"https:\/\/scoalamartisor.ro\/wp-content\/uploads\/2023\/03\/02_Calendar_Olimpiade_nationale_scolare_2023.pdf\" class=\"wp-block-file__button wp-element-button\" download aria-describedby=\"wp-block-file--media-31482a83-6241-4ea8-a30c-458e44800a3f\">Download<\/a><\/div>\n\n\n\n<div class=\"wp-block-file aligncenter\"><a id=\"wp-block-file--media-5ed3df14-adf1-4fb3-918e-b33f7a54e6a3\" href=\"https:\/\/scoalamartisor.ro\/wp-content\/uploads\/2023\/03\/Anexa2_-Lista_-Olimpiade_nationale_2023.pdf\" target=\"_blank\" rel=\"noreferrer noopener\">Anexa 2 Lista olimpiade nationale scolare 2023<\/a><a href=\"https:\/\/scoalamartisor.ro\/wp-content\/uploads\/2023\/03\/Anexa2_-Lista_-Olimpiade_nationale_2023.pdf\" class=\"wp-block-file__button wp-element-button\" download aria-describedby=\"wp-block-file--media-5ed3df14-adf1-4fb3-918e-b33f7a54e6a3\">Download<\/a><\/div>\n\n\n\n<p><\/p>\n\n\n\n<p class=\"has-text-align-center\"><strong>Calendar de activit\u0103\u021bi preg\u0103tire loturi<\/strong><\/p>\n\n\n\n<div class=\"wp-block-file aligncenter\"><a id=\"wp-block-file--media-cd08c807-c93e-471f-b212-b9b096678680\" href=\"https:\/\/scoalamartisor.ro\/wp-content\/uploads\/2023\/03\/03_Calendar_activitati_pregatire_loturi_2023.pdf\" target=\"_blank\" rel=\"noreferrer noopener\">03. Calendar de activitati pregatire loturi 2023<\/a><a href=\"https:\/\/scoalamartisor.ro\/wp-content\/uploads\/2023\/03\/03_Calendar_activitati_pregatire_loturi_2023.pdf\" class=\"wp-block-file__button wp-element-button\" download aria-describedby=\"wp-block-file--media-cd08c807-c93e-471f-b212-b9b096678680\">Download<\/a><\/div>\n\n\n\n<div class=\"wp-block-file aligncenter\"><a id=\"wp-block-file--media-6b8fb08e-05bc-42ef-b2c3-db8954a8b9a7\" href=\"https:\/\/scoalamartisor.ro\/wp-content\/uploads\/2023\/03\/Anexa3_Lista_activitati_pregatire_loturi_2023.pdf\" target=\"_blank\" rel=\"noreferrer noopener\">Anexa 3 Lista activitati pregatire loturi 2023<\/a><a href=\"https:\/\/scoalamartisor.ro\/wp-content\/uploads\/2023\/03\/Anexa3_Lista_activitati_pregatire_loturi_2023.pdf\" class=\"wp-block-file__button wp-element-button\" download aria-describedby=\"wp-block-file--media-6b8fb08e-05bc-42ef-b2c3-db8954a8b9a7\">Download<\/a><\/div>\n\n\n\n<p><\/p>\n\n\n\n<p class=\"has-text-align-center\"><strong>Calendar concursuri finan\u021bate de Ministerul Educa\u021biei<\/strong><\/p>\n\n\n\n<div class=\"wp-block-file aligncenter\"><a id=\"wp-block-file--media-bec4c529-5c42-49bd-babf-b12b8270ad5d\" href=\"https:\/\/scoalamartisor.ro\/wp-content\/uploads\/2023\/03\/04_Calendar_Concursuri_finantate_Ministerul_Educatiei_2023.pdf\" target=\"_blank\" rel=\"noreferrer noopener\">04. Calendar concursuri finantate de Ministerul Educatiei 2023<\/a><a href=\"https:\/\/scoalamartisor.ro\/wp-content\/uploads\/2023\/03\/04_Calendar_Concursuri_finantate_Ministerul_Educatiei_2023.pdf\" class=\"wp-block-file__button wp-element-button\" download aria-describedby=\"wp-block-file--media-bec4c529-5c42-49bd-babf-b12b8270ad5d\">Download<\/a><\/div>\n\n\n\n<div class=\"wp-block-file aligncenter\"><a id=\"wp-block-file--media-d2180130-60d6-4d55-9311-69a093ab5043\" href=\"https:\/\/scoalamartisor.ro\/wp-content\/uploads\/2023\/03\/Anexa4_Lista_Concursuri_finantate_ME_2023.pdf\" target=\"_blank\" rel=\"noreferrer noopener\">Anexa 4 Lista concursuri finantate ME 2023<\/a><a href=\"https:\/\/scoalamartisor.ro\/wp-content\/uploads\/2023\/03\/Anexa4_Lista_Concursuri_finantate_ME_2023.pdf\" class=\"wp-block-file__button wp-element-button\" download aria-describedby=\"wp-block-file--media-d2180130-60d6-4d55-9311-69a093ab5043\">Download<\/a><\/div>\n\n\n\n<p><\/p>\n\n\n\n<p class=\"has-text-align-center\"><strong>Calendar concursuri nefinan\u021bate<\/strong><\/p>\n\n\n\n<div class=\"wp-block-file aligncenter\"><a id=\"wp-block-file--media-7add208b-313c-4114-931d-ac5e6e405c7a\" href=\"https:\/\/scoalamartisor.ro\/wp-content\/uploads\/2023\/03\/05_Calendar_Concursuri_NEfinantate_Min_Educatiei_-2023.pdf\" target=\"_blank\" rel=\"noreferrer noopener\">05. Calendar concursuri NEfinantate 2023<\/a><a href=\"https:\/\/scoalamartisor.ro\/wp-content\/uploads\/2023\/03\/05_Calendar_Concursuri_NEfinantate_Min_Educatiei_-2023.pdf\" class=\"wp-block-file__button wp-element-button\" download aria-describedby=\"wp-block-file--media-7add208b-313c-4114-931d-ac5e6e405c7a\">Download<\/a><\/div>\n\n\n\n<div class=\"wp-block-file aligncenter\"><a id=\"wp-block-file--media-2cb2ad30-db1a-4761-9f1a-35811cb9f34d\" href=\"https:\/\/scoalamartisor.ro\/wp-content\/uploads\/2023\/03\/Anexa5_Lista-_Concursuri_NEfinantate_ME_-2023.pdf\" target=\"_blank\" rel=\"noreferrer noopener\">Anexa 5 Lista concursuri NEfinantate 2023<\/a><a href=\"https:\/\/scoalamartisor.ro\/wp-content\/uploads\/2023\/03\/Anexa5_Lista-_Concursuri_NEfinantate_ME_-2023.pdf\" class=\"wp-block-file__button wp-element-button\" download aria-describedby=\"wp-block-file--media-2cb2ad30-db1a-4761-9f1a-35811cb9f34d\">Download<\/a><\/div>\n\n\n\n<p><\/p>\n\n\n\n<p class=\"has-text-align-center\"><strong>Lista de merit olimpic<\/strong><\/p>\n\n\n\n<div class=\"wp-block-file aligncenter\"><a id=\"wp-block-file--media-b7c59002-c6a1-40c5-bc6c-a8052303fd72\" href=\"https:\/\/scoalamartisor.ro\/wp-content\/uploads\/2023\/03\/Anexa_1_OM_6429_2022_merit_olimpic.pdf\" target=\"_blank\" rel=\"noreferrer noopener\">Anexa 1 OM 6429 2022 Merit Olimpic<\/a><a href=\"https:\/\/scoalamartisor.ro\/wp-content\/uploads\/2023\/03\/Anexa_1_OM_6429_2022_merit_olimpic.pdf\" class=\"wp-block-file__button wp-element-button\" download aria-describedby=\"wp-block-file--media-b7c59002-c6a1-40c5-bc6c-a8052303fd72\">Download<\/a><\/div>\n\n\n\n<div class=\"wp-block-file aligncenter\"><a id=\"wp-block-file--media-ed7b334b-b973-4b3d-8075-4cf8049962c4\" href=\"https:\/\/scoalamartisor.ro\/wp-content\/uploads\/2023\/03\/Anexa_2_OM_6429_2022_merit_olimpic.pdf\" target=\"_blank\" rel=\"noreferrer noopener\">Anexa 2 OM 6429 2022 Merit Olimpic<\/a><a href=\"https:\/\/scoalamartisor.ro\/wp-content\/uploads\/2023\/03\/Anexa_2_OM_6429_2022_merit_olimpic.pdf\" class=\"wp-block-file__button wp-element-button\" download aria-describedby=\"wp-block-file--media-ed7b334b-b973-4b3d-8075-4cf8049962c4\">Download<\/a><\/div>\n\n\n\n<p><\/p>\n\n\n\n<p class=\"has-text-align-center\"><strong>Competi\u021bii sportive<\/strong><\/p>\n\n\n\n<div class=\"wp-block-file aligncenter\"><a id=\"wp-block-file--media-4a4f48d7-59ba-4b14-8d6b-f39cb4015f31\" href=\"https:\/\/scoalamartisor.ro\/wp-content\/uploads\/2023\/03\/Anexe_06_07_08_09_10_Competitii_sportive.pdf\" target=\"_blank\" rel=\"noreferrer noopener\">Anexe 06 07 08 09 10 Competitii sportive<\/a><a href=\"https:\/\/scoalamartisor.ro\/wp-content\/uploads\/2023\/03\/Anexe_06_07_08_09_10_Competitii_sportive.pdf\" class=\"wp-block-file__button wp-element-button\" download aria-describedby=\"wp-block-file--media-4a4f48d7-59ba-4b14-8d6b-f39cb4015f31\">Download<\/a><\/div>\n\n\n\n<p><\/p>\n\n\n\n<p class=\"has-text-align-center\"><strong>Calendar Olimpiada na\u021bional\u0103 a sportului \u0219colar<\/strong><\/p>\n\n\n\n<div class=\"wp-block-file aligncenter\"><a id=\"wp-block-file--media-182f9a95-529d-442a-9fe9-a7b965c4251e\" href=\"https:\/\/scoalamartisor.ro\/wp-content\/uploads\/2023\/03\/Calendar-ONSS_2022-2023.pdf\" target=\"_blank\" rel=\"noreferrer noopener\">Calendar ONSS 2022-2023<\/a><a href=\"https:\/\/scoalamartisor.ro\/wp-content\/uploads\/2023\/03\/Calendar-ONSS_2022-2023.pdf\" class=\"wp-block-file__button wp-element-button\" download aria-describedby=\"wp-block-file--media-182f9a95-529d-442a-9fe9-a7b965c4251e\">Download<\/a><\/div>\n\n\n\n<p><\/p>\n\n\n\n<p class=\"has-text-align-center\"><strong>Calendar campionate na\u021bionale \u0219colare<\/strong><\/p>\n\n\n\n<div class=\"wp-block-file aligncenter\"><a id=\"wp-block-file--media-b516cec6-2cca-457a-ac4c-ff3248768271\" href=\"https:\/\/scoalamartisor.ro\/wp-content\/uploads\/2023\/03\/Calendar_CAMPIONATE_NATIONALE_SCOLARE_ME_2022-2023.pdf\" target=\"_blank\" rel=\"noreferrer noopener\">Calendar CAMPIONATE NATIONALE SCOLARE ME 2022-2023<\/a><a href=\"https:\/\/scoalamartisor.ro\/wp-content\/uploads\/2023\/03\/Calendar_CAMPIONATE_NATIONALE_SCOLARE_ME_2022-2023.pdf\" class=\"wp-block-file__button wp-element-button\" download aria-describedby=\"wp-block-file--media-b516cec6-2cca-457a-ac4c-ff3248768271\">Download<\/a><\/div>\n\n\n\n<p><\/p>\n\n\n\n<p class=\"has-text-align-center\"><strong>Merit Olimpic<\/strong><\/p>\n\n\n\n<div class=\"wp-block-file aligncenter\"><a id=\"wp-block-file--media-2e806cfa-9bdd-4dac-9f6c-0808128c27a2\" href=\"https:\/\/scoalamartisor.ro\/wp-content\/uploads\/2023\/03\/OM_6429_2022_merit_olimpic.pdf\" target=\"_blank\" rel=\"noreferrer noopener\">OM 6429 2022 Merit olimpic<\/a><a href=\"https:\/\/scoalamartisor.ro\/wp-content\/uploads\/2023\/03\/OM_6429_2022_merit_olimpic.pdf\" class=\"wp-block-file__button wp-element-button\" download aria-describedby=\"wp-block-file--media-2e806cfa-9bdd-4dac-9f6c-0808128c27a2\">Download<\/a><\/div>\n","protected":false},"excerpt":{"rendered":"<p>Calendar olimpiade concursuri interna\u021bionale Calendar olimpiade na\u021bionale \u0219colare Calendar de activit\u0103\u021bi preg\u0103tire loturi Calendar concursuri finan\u021bate de Ministerul Educa\u021biei Calendar concursuri nefinan\u021bate Lista de merit olimpic Competi\u021bii sportive Calendar Olimpiada na\u021bional\u0103 a sportului \u0219colar Calendar campionate na\u021bionale \u0219colare Merit Olimpic<\/p>\n","protected":false},"author":3,"featured_media":0,"parent":0,"menu_order":0,"comment_status":"closed","ping_status":"closed","template":"","meta":{"neve_meta_sidebar":"","neve_meta_container":"","neve_meta_enable_content_width":"","neve_meta_content_width":0,"neve_meta_title_alignment":"","neve_meta_author_avatar":"","neve_post_elements_order":"","neve_meta_disable_header":"","neve_meta_disable_footer":"","neve_meta_disable_title":"on","footnotes":""},"class_list":["post-414","page","type-page","status-publish","hentry"],"_links":{"self":[{"href":"https:\/\/scoalamartisor.ro\/index.php?rest_route=\/wp\/v2\/pages\/414","targetHints":{"allow":["GET"]}}],"collection":[{"href":"https:\/\/scoalamartisor.ro\/index.php?rest_route=\/wp\/v2\/pages"}],"about":[{"href":"https:\/\/scoalamartisor.ro\/index.php?rest_route=\/wp\/v2\/types\/page"}],"author":[{"embeddable":true,"href":"https:\/\/scoalamartisor.ro\/index.php?rest_route=\/wp\/v2\/users\/3"}],"replies":[{"embeddable":true,"href":"https:\/\/scoalamartisor.ro\/index.php?rest_route=%2Fwp%2Fv2%2Fcomments&post=414"}],"version-history":[{"count":45,"href":"https:\/\/scoalamartisor.ro\/index.php?rest_route=\/wp\/v2\/pages\/414\/revisions"}],"predecessor-version":[{"id":1203,"href":"https:\/\/scoalamartisor.ro\/index.php?rest_route=\/wp\/v2\/pages\/414\/revisions\/1203"}],"wp:attachment":[{"href":"https:\/\/scoalamartisor.ro\/index.php?rest_route=%2Fwp%2Fv2%2Fmedia&parent=414"}],"curies":[{"name":"wp","href":"https:\/\/api.w.org\/{rel}","templated":true}]}}