{"id":284,"date":"2023-02-02T13:42:49","date_gmt":"2023-02-02T13:42:49","guid":{"rendered":"https:\/\/scoalamartisor.ro\/?page_id=284"},"modified":"2025-07-02T09:25:14","modified_gmt":"2025-07-02T09:25:14","slug":"clasa-pregatitoare","status":"publish","type":"page","link":"https:\/\/scoalamartisor.ro\/?page_id=284","title":{"rendered":"Admitere"},"content":{"rendered":"\n<figure class=\"wp-block-image alignwide size-large\"><img loading=\"lazy\" decoding=\"async\" width=\"1024\" height=\"288\" src=\"https:\/\/scoalamartisor.ro\/wp-content\/uploads\/2023\/03\/admitere-1024x288.jpg\" alt=\"\" class=\"wp-image-390\" srcset=\"https:\/\/scoalamartisor.ro\/wp-content\/uploads\/2023\/03\/admitere-1024x288.jpg 1024w, https:\/\/scoalamartisor.ro\/wp-content\/uploads\/2023\/03\/admitere-300x84.jpg 300w, https:\/\/scoalamartisor.ro\/wp-content\/uploads\/2023\/03\/admitere-768x216.jpg 768w, https:\/\/scoalamartisor.ro\/wp-content\/uploads\/2023\/03\/admitere-1536x432.jpg 1536w, https:\/\/scoalamartisor.ro\/wp-content\/uploads\/2023\/03\/admitere-2048x575.jpg 2048w\" sizes=\"auto, (max-width: 1024px) 100vw, 1024px\" \/><\/figure>\n\n\n\n<p><\/p>\n\n\n\n<h2 class=\"wp-block-heading has-text-align-center\"><strong>Admitere \u00een \u00eenv\u0103\u021b\u0103m\u00e2ntul liceal pentru anul \u0219colar 2025-2026&nbsp;<\/strong><\/h2>\n\n\n\n<div data-wp-interactive=\"core\/file\" class=\"wp-block-file aligncenter\"><object data-wp-bind--hidden=\"!state.hasPdfPreview\" hidden class=\"wp-block-file__embed\" data=\"https:\/\/scoalamartisor.ro\/wp-content\/uploads\/2025\/07\/ANUNT-IMPORTANT-legat-de-eliberare-foi-matricole.pdf\" type=\"application\/pdf\" style=\"width:100%;height:600px\" aria-label=\"\u00cenglobare pentru ANUN\u021a IMPORTANT legat de eliberare foi matricole.\"><\/object><a id=\"wp-block-file--media-ebbd9123-2b19-4e3e-ad3c-598df6232f96\" href=\"https:\/\/scoalamartisor.ro\/wp-content\/uploads\/2025\/07\/ANUNT-IMPORTANT-legat-de-eliberare-foi-matricole.pdf\">ANUN\u021a IMPORTANT legat de eliberare foi matricole<\/a><a href=\"https:\/\/scoalamartisor.ro\/wp-content\/uploads\/2025\/07\/ANUNT-IMPORTANT-legat-de-eliberare-foi-matricole.pdf\" class=\"wp-block-file__button wp-element-button\" download aria-describedby=\"wp-block-file--media-ebbd9123-2b19-4e3e-ad3c-598df6232f96\">Download<\/a><\/div>\n\n\n\n<div data-wp-interactive=\"core\/file\" class=\"wp-block-file aligncenter\"><object data-wp-bind--hidden=\"!state.hasPdfPreview\" hidden class=\"wp-block-file__embed\" data=\"https:\/\/scoalamartisor.ro\/wp-content\/uploads\/2025\/03\/Ghid_candidat_admitere_2025.pdf\" type=\"application\/pdf\" style=\"width:100%;height:600px\" aria-label=\"\u00cenglobare pentru Ghid candidat admitere 2025.\"><\/object><a id=\"wp-block-file--media-8d93103f-54fc-4195-82e6-ca456e633587\" href=\"https:\/\/scoalamartisor.ro\/wp-content\/uploads\/2025\/03\/Ghid_candidat_admitere_2025.pdf\">Ghid candidat admitere 2025<\/a><a href=\"https:\/\/scoalamartisor.ro\/wp-content\/uploads\/2025\/03\/Ghid_candidat_admitere_2025.pdf\" class=\"wp-block-file__button wp-element-button\" download aria-describedby=\"wp-block-file--media-8d93103f-54fc-4195-82e6-ca456e633587\">Download<\/a><\/div>\n\n\n\n<p><\/p>\n\n\n\n<p class=\"has-text-align-center\"><strong>Ordin M.E. 5243\/2022&nbsp;privind organizarea \u0219i desf\u0103\u0219urarea admiterii \u00een \u00eenv\u0103\u021b\u0103m\u00e2ntul liceal pentru anul \u0219colar 2023-2024&nbsp;<\/strong><\/p>\n\n\n\n<p class=\"has-text-align-center\">Click mai jos pentru a desc\u0103rca documentul.<\/p>\n\n\n\n<div data-wp-interactive=\"core\/file\" class=\"wp-block-file aligncenter\"><object data-wp-bind--hidden=\"!state.hasPdfPreview\" hidden class=\"wp-block-file__embed\" data=\"https:\/\/scoalamartisor.ro\/wp-content\/uploads\/2023\/03\/Anexe-Admitere-2023-Monitorul-Oficial.pdf\" type=\"application\/pdf\" style=\"width:100%;height:471px\" aria-label=\"\u00cenglobare pentru &lt;strong&gt;Desc\u0103rcare Anexe Admitere 2023 Monitorul Oficial&lt;\/strong&gt;.\"><\/object><a id=\"wp-block-file--media-3b1f11a9-5a49-4459-b0e7-7006109bcac3\" href=\"https:\/\/scoalamartisor.ro\/wp-content\/uploads\/2023\/03\/Anexe-Admitere-2023-Monitorul-Oficial.pdf\" target=\"_blank\" rel=\"noreferrer noopener\"><strong>Desc\u0103rcare Anexe Admitere 2023 Monitorul Oficial<\/strong><\/a><\/div>\n\n\n\n<p><\/p>\n\n\n\n<p class=\"has-text-align-center\">Aici g\u0103si\u021bi calendarul \u00eenscrierii \u00een \u00eenv\u0103\u021b\u0103m\u00e2ntul liceal.<\/p>\n\n\n\n<p class=\"has-text-align-center\">Calendarul probelor si rezultelor de la Evaluarea Nationala 2022<br>\u2022 6 \u2013 9 iunie 2023: Inscrierea la Evaluarea Nationala<br>\u2022 9 iunie 2023: Incheierea cursurilor pentru clasa a VIII-a<br><strong>\u2022 19 iunie 2023: Limba si literatura romana \u2013 proba scrisa<\/strong><br><strong>\u2022 21 iunie 2023: Matematica \u2013 proba scrisa<\/strong><br><strong>\u2022 22 iunie 2023: Limba si literatura materna \u2013 proba scrisa<\/strong><br>\u2022 28 iunie 2023 (p\u00e2n\u0103 la ora 14:00): Afisarea rezultatelor inaintea contestatiilor<br>\u2022 28 iunie 2023 (ora 16:00 \u2013 ora 19:00) \u2013 29 iunie 2023 (ora 8:00 \u2013 ora 12:00):: Depunerea contestatiilor<br>\u2022 29 iunie \u2013 4 iulie 2023: Solutionarea contestatiilor<br>\u2022 4 iulie 2023: Afisarea rezultatelor finale dupa solutionarea contestatiilor<\/p>\n\n\n\n<p>Calendarul inscrierii la liceu:<br><strong>\u2022 6-7 \u0219i 10-17 iulie 2023: Completarea optiunilor in fisele de inscriere de catre absolventii clasei a VIII-a si de catre parintii acestora, asistati de dirigintii claselor a VIII-a.<\/strong>&nbsp;Orice optiune gresita poate conduce la o repartizare nedorita. Completarea fiselor de inscriere de catre absolventii clasei a VIII-a care doresc sa participe la admitere in alt judet si depunerea\/transmiterea fiselor, conform procedurii stabilite de Comisia nationala de admitere.<br><strong>\u2022 6-7 \u0219i 10-14 iulie 2023: Verificarea de catre parinti si candidati a corectitudinii datelor din fisa listata de calculator,<\/strong>&nbsp;corectarea eventualelor greseli in baza de date computerizata si listarea fiselor corectate din calculator, operatiuni ce se vor realiza utilizand aplicatia informatica centralizata.<br>\u2022 17 iulie 2023: Termenul-limita pentru transmiterea bazei de date de la centrele de inscriere la centrul de admitere judetean\/al municipiului Bucuresti, precum si a listei absolventilor care nu participa la repartizarea computerizata, prin confirmarea operatiunilor specifice in aplicatia informatica centralizata.<br>\u2022 17 iulie 2023: Transmiterea bazei de date de la centrele de admitere judetene\/al municipiului Bucuresti la Centrul national de admitere prin confirmarea, de catre acestea, a finalizarii operatiunilor specifice, in aplicatia informatica centralizata.<br>\u2022 18 iulie 2023: Verificarea si corectarea eventualelor erori din bazele de date, precum candidati aflati in baza de date pentru admiterea computerizata si care au fost deja admisi la liceele la care se sustin probe de aptitudini etc., de catre Comisia nationala de admitere si comisiile de admitere judetene\/a municipiului Bucuresti; transmiterea modificarilor la comisia nationala.<br>\u2022 18 iulie 2023: Corectarea erorilor si confirmarea incheierii modificarilor in aplicatia informatica centralizata.<br>\u2022 19 iulie 2023: Repartizarea computerizata in invatamantul liceal a absolventilor clasei a VIII-a care nu implinesc 18 ani pana la data inceperii cursurilor anului scolar 2022 \u2013 2023.<br><strong>\u2022 19 iulie 2023:<\/strong>&nbsp;Comunicarea rezultatelor candidatilor repartizati computerizat in invatamantul liceal. Afisarea in unitatile de invatamant gimnazial a listei cu locurile neocupate in unitatile de invatamantul liceal din judet\/municipiul Bucuresti.<br><strong>\u2022 20 \u2013 25 iulie 2023:<\/strong>&nbsp;Depunerea dosarelor de inscriere la scolile la care candidatii au fost repartizati.<br>\u2022 25 iulie 2023: Transmiterea de catre unitatile de invatamant liceal a situatiei locurilor ramase libere in urma neinscrierii candidatilor admisi in aceasta etapa de admitere.<br>\u2022 26-28 iulie 2023: Rezolvarea de catre comisia de admitere judeteana\/ a municipiului Bucuresti, a situatiilor speciale aparute dupa etapa de repartizare computerizata.<\/p>\n","protected":false},"excerpt":{"rendered":"<p>Admitere \u00een \u00eenv\u0103\u021b\u0103m\u00e2ntul liceal pentru anul \u0219colar 2025-2026&nbsp; Ordin M.E. 5243\/2022&nbsp;privind organizarea \u0219i desf\u0103\u0219urarea admiterii \u00een \u00eenv\u0103\u021b\u0103m\u00e2ntul liceal pentru anul \u0219colar 2023-2024&nbsp; Click mai jos pentru a desc\u0103rca documentul. Aici g\u0103si\u021bi calendarul \u00eenscrierii \u00een \u00eenv\u0103\u021b\u0103m\u00e2ntul liceal. Calendarul probelor si rezultelor de la Evaluarea Nationala 2022\u2022 6 \u2013 9 iunie 2023: Inscrierea la Evaluarea Nationala\u2022 9&hellip;&nbsp;<a href=\"https:\/\/scoalamartisor.ro\/?page_id=284\" class=\"\" rel=\"bookmark\">Cite\u0219te mai mult &raquo;<span class=\"screen-reader-text\">Admitere<\/span><\/a><\/p>\n","protected":false},"author":3,"featured_media":0,"parent":0,"menu_order":0,"comment_status":"closed","ping_status":"closed","template":"","meta":{"neve_meta_sidebar":"","neve_meta_container":"","neve_meta_enable_content_width":"","neve_meta_content_width":0,"neve_meta_title_alignment":"left","neve_meta_author_avatar":"","neve_post_elements_order":"","neve_meta_disable_header":"","neve_meta_disable_footer":"","neve_meta_disable_title":"on","footnotes":""},"class_list":["post-284","page","type-page","status-publish","hentry"],"_links":{"self":[{"href":"https:\/\/scoalamartisor.ro\/index.php?rest_route=\/wp\/v2\/pages\/284","targetHints":{"allow":["GET"]}}],"collection":[{"href":"https:\/\/scoalamartisor.ro\/index.php?rest_route=\/wp\/v2\/pages"}],"about":[{"href":"https:\/\/scoalamartisor.ro\/index.php?rest_route=\/wp\/v2\/types\/page"}],"author":[{"embeddable":true,"href":"https:\/\/scoalamartisor.ro\/index.php?rest_route=\/wp\/v2\/users\/3"}],"replies":[{"embeddable":true,"href":"https:\/\/scoalamartisor.ro\/index.php?rest_route=%2Fwp%2Fv2%2Fcomments&post=284"}],"version-history":[{"count":18,"href":"https:\/\/scoalamartisor.ro\/index.php?rest_route=\/wp\/v2\/pages\/284\/revisions"}],"predecessor-version":[{"id":1139,"href":"https:\/\/scoalamartisor.ro\/index.php?rest_route=\/wp\/v2\/pages\/284\/revisions\/1139"}],"wp:attachment":[{"href":"https:\/\/scoalamartisor.ro\/index.php?rest_route=%2Fwp%2Fv2%2Fmedia&parent=284"}],"curies":[{"name":"wp","href":"https:\/\/api.w.org\/{rel}","templated":true}]}}