{"id":269,"date":"2023-02-02T13:37:49","date_gmt":"2023-02-02T13:37:49","guid":{"rendered":"https:\/\/scoalamartisor.ro\/?page_id=269"},"modified":"2026-03-30T11:33:03","modified_gmt":"2026-03-30T11:33:03","slug":"anunturi","status":"publish","type":"page","link":"https:\/\/scoalamartisor.ro\/?page_id=269","title":{"rendered":"Anun\u021buri"},"content":{"rendered":"\n<p><\/p>\n\n\n\n<p><\/p>\n\n\n\n<h2 class=\"wp-block-heading has-text-align-center\">Anun\u021b de atribuire Servicii Catering Pre\u0219colar 30.03.2026 Gr\u0103dini\u021b\u0103<\/h2>\n\n\n\n<div class=\"wp-block-file aligncenter\"><a id=\"wp-block-file--media-ec4b37bb-bdfa-4645-9f6c-0efdbaee2cf3\" href=\"https:\/\/scoalamartisor.ro\/wp-content\/uploads\/2026\/03\/Anunt-de-atribuire-Servicii-Catering-Prescolar-30.03.2026-Gradinita.pdf\">Anun\u021b de atribuire Servicii Catering Pre\u0219colar 30.03.2026 Gr\u0103dini\u021b\u0103<\/a><a href=\"https:\/\/scoalamartisor.ro\/wp-content\/uploads\/2026\/03\/Anunt-de-atribuire-Servicii-Catering-Prescolar-30.03.2026-Gradinita.pdf\" class=\"wp-block-file__button wp-element-button\" download aria-describedby=\"wp-block-file--media-ec4b37bb-bdfa-4645-9f6c-0efdbaee2cf3\">Download<\/a><\/div>\n\n\n\n<p><\/p>\n\n\n\n<h2 class=\"wp-block-heading has-text-align-center\">Anun\u021b de atribuire Servicii Catering Antepre\u0219colar 30.03.2026 Cre\u0219\u0103<\/h2>\n\n\n\n<div class=\"wp-block-file aligncenter\"><a id=\"wp-block-file--media-174fa3af-a310-43d7-a4c2-80849ea3bce4\" href=\"https:\/\/scoalamartisor.ro\/wp-content\/uploads\/2026\/03\/Anunt-de-atribuire-Servicii-Catering-Anteprescolar-30.03.2026-Cresa.pdf\">Anun\u021b de atribuire Servicii Catering Antepre\u0219colar 30.03.2026 Cre\u0219\u0103<\/a><a href=\"https:\/\/scoalamartisor.ro\/wp-content\/uploads\/2026\/03\/Anunt-de-atribuire-Servicii-Catering-Anteprescolar-30.03.2026-Cresa.pdf\" class=\"wp-block-file__button wp-element-button\" download aria-describedby=\"wp-block-file--media-174fa3af-a310-43d7-a4c2-80849ea3bce4\">Download<\/a><\/div>\n\n\n\n<p><\/p>\n\n\n\n<h2 class=\"wp-block-heading has-text-align-center\">Procedur\u0103 proprie de achizi\u021bie public\u0103 de servicii de catering pentru Cre\u0219\u0103 2026<\/h2>\n\n\n\n<div class=\"wp-block-file aligncenter\"><a id=\"wp-block-file--media-0bc0f98e-155b-41e1-986b-3de2401505b1\" href=\"https:\/\/scoalamartisor.ro\/wp-content\/uploads\/2026\/03\/Anunt-demarare-procedura-de-achizitii-pentru-serviciile-de-caterig-Cresa-16.03.2026.pdf\">Anun\u021b demarare procedur\u0103 de achizi\u021bii pentru serviciile de catering Cre\u0219\u0103<\/a><a href=\"https:\/\/scoalamartisor.ro\/wp-content\/uploads\/2026\/03\/Anunt-demarare-procedura-de-achizitii-pentru-serviciile-de-caterig-Cresa-16.03.2026.pdf\" class=\"wp-block-file__button wp-element-button\" download aria-describedby=\"wp-block-file--media-0bc0f98e-155b-41e1-986b-3de2401505b1\">Download<\/a><\/div>\n\n\n\n<div class=\"wp-block-file aligncenter\"><a id=\"wp-block-file--media-8c8dd3b8-6d8d-42d4-bb62-95b64847c2f9\" href=\"https:\/\/scoalamartisor.ro\/wp-content\/uploads\/2026\/03\/3.-Caiet-de-sarcini-privind-achizitia-de-servicii-de-caterig-Cresa-16.02.2026.pdf\">Caiet de sarcini privind achizi\u021bia de servicii de catering Cre\u0219\u0103 <\/a><a href=\"https:\/\/scoalamartisor.ro\/wp-content\/uploads\/2026\/03\/3.-Caiet-de-sarcini-privind-achizitia-de-servicii-de-caterig-Cresa-16.02.2026.pdf\" class=\"wp-block-file__button wp-element-button\" download aria-describedby=\"wp-block-file--media-8c8dd3b8-6d8d-42d4-bb62-95b64847c2f9\">Download<\/a><\/div>\n\n\n\n<div class=\"wp-block-file aligncenter\"><a id=\"wp-block-file--media-ec2d0823-1494-43bd-b9e4-1cc1c8ed569c\" href=\"https:\/\/scoalamartisor.ro\/wp-content\/uploads\/2026\/03\/4.-Model-de-Formulare-Cresa.pdf\">Model de Formulare Cre\u0219\u0103 (pdf)<\/a><a href=\"https:\/\/scoalamartisor.ro\/wp-content\/uploads\/2026\/03\/4.-Model-de-Formulare-Cresa.pdf\" class=\"wp-block-file__button wp-element-button\" download aria-describedby=\"wp-block-file--media-ec2d0823-1494-43bd-b9e4-1cc1c8ed569c\">Download<\/a><\/div>\n\n\n\n<div class=\"wp-block-file aligncenter\"><a id=\"wp-block-file--media-588fe695-1236-4d9c-aa43-63dae0a7602c\" href=\"https:\/\/scoalamartisor.ro\/wp-content\/uploads\/2026\/03\/4.-Model-de-Formulare-Cresa.docx\">Model de Formulare Cre\u0219\u0103 (word)<\/a><a href=\"https:\/\/scoalamartisor.ro\/wp-content\/uploads\/2026\/03\/4.-Model-de-Formulare-Cresa.docx\" class=\"wp-block-file__button wp-element-button\" download aria-describedby=\"wp-block-file--media-588fe695-1236-4d9c-aa43-63dae0a7602c\">Download<\/a><\/div>\n\n\n\n<h2 class=\"wp-block-heading has-text-align-center\"><br>Procedur\u0103 proprie de achizi\u021bie public\u0103 de servicii de catering pentru Gr\u0103dini\u021b\u0103 2026<\/h2>\n\n\n\n<div class=\"wp-block-file aligncenter\"><a id=\"wp-block-file--media-3dcfac20-916d-4c7e-b500-97c3d73d84e6\" href=\"https:\/\/scoalamartisor.ro\/wp-content\/uploads\/2026\/03\/Anunt-demarare-procedura-de-achizitii-pentru-serviciile-de-caterig-Gradinita-16.03.2026.pdf\">Anun\u021b demarare procedur\u0103 de achizi\u021bii pentru serviciile de catering Gr\u0103dini\u021b\u0103<\/a><a href=\"https:\/\/scoalamartisor.ro\/wp-content\/uploads\/2026\/03\/Anunt-demarare-procedura-de-achizitii-pentru-serviciile-de-caterig-Gradinita-16.03.2026.pdf\" class=\"wp-block-file__button wp-element-button\" download aria-describedby=\"wp-block-file--media-3dcfac20-916d-4c7e-b500-97c3d73d84e6\">Download<\/a><\/div>\n\n\n\n<div class=\"wp-block-file aligncenter\"><a id=\"wp-block-file--media-c13bae0b-1c8e-4530-b135-31390ef92b85\" href=\"https:\/\/scoalamartisor.ro\/wp-content\/uploads\/2026\/03\/3.-Caiet-de-sarcini-privind-achizitia-de-servicii-de-caterig-Gradinita-16.02.2026.pdf\">Caiet de sarcini privind achizi\u021bia de servicii de catering Gr\u0103dini\u021b\u0103<\/a><a href=\"https:\/\/scoalamartisor.ro\/wp-content\/uploads\/2026\/03\/3.-Caiet-de-sarcini-privind-achizitia-de-servicii-de-caterig-Gradinita-16.02.2026.pdf\" class=\"wp-block-file__button wp-element-button\" download aria-describedby=\"wp-block-file--media-c13bae0b-1c8e-4530-b135-31390ef92b85\">Download<\/a><\/div>\n\n\n\n<div class=\"wp-block-file aligncenter\"><a id=\"wp-block-file--media-c0717ea3-dc26-4031-b585-460167b73cc3\" href=\"https:\/\/scoalamartisor.ro\/wp-content\/uploads\/2026\/03\/4.-Model-de-Formulare-gradi.pdf\">Model de Formulare Gr\u0103dini\u021b\u0103 (pdf)<\/a><a href=\"https:\/\/scoalamartisor.ro\/wp-content\/uploads\/2026\/03\/4.-Model-de-Formulare-gradi.pdf\" class=\"wp-block-file__button wp-element-button\" download aria-describedby=\"wp-block-file--media-c0717ea3-dc26-4031-b585-460167b73cc3\">Download<\/a><\/div>\n\n\n\n<div class=\"wp-block-file aligncenter\"><a id=\"wp-block-file--media-4da26f3b-e359-44e1-ac27-5973827ba492\" href=\"https:\/\/scoalamartisor.ro\/wp-content\/uploads\/2026\/03\/4.-Model-de-Formulare-gradi.docx\">Model de Formulare Gr\u0103dini\u021b\u0103 (word)<\/a><a href=\"https:\/\/scoalamartisor.ro\/wp-content\/uploads\/2026\/03\/4.-Model-de-Formulare-gradi.docx\" class=\"wp-block-file__button wp-element-button\" download aria-describedby=\"wp-block-file--media-4da26f3b-e359-44e1-ac27-5973827ba492\">Download<\/a><\/div>\n\n\n\n<p><\/p>\n\n\n\n<p><\/p>\n\n\n\n<h2 class=\"wp-block-heading has-text-align-center\">Rezultatul candida\u021bilor la proba scris\u0103 a concursului organizat privind ocuparea postului vacant de secretar S, din cadrul \u0218colii Gimnaziale M\u0103r\u021bi\u0219or (structura \u0218coala Gimnazial\u0103 Ien\u0103chi\u021ba V\u0103c\u0103rescu)<\/h2>\n\n\n\n<div data-wp-interactive=\"core\/file\" class=\"wp-block-file aligncenter\"><object data-wp-bind--hidden=\"!state.hasPdfPreview\" hidden class=\"wp-block-file__embed\" data=\"https:\/\/scoalamartisor.ro\/wp-content\/uploads\/2025\/11\/rezultate-proba-scrisa-secretar.pdf\" type=\"application\/pdf\" style=\"width:100%;height:550px\" aria-label=\"\u00cenglobare pentru Rezultate proba scris\u0103 - Secretar.\"><\/object><a id=\"wp-block-file--media-84b5ca4b-bcae-4e6f-9fbe-652876e9d724\" href=\"https:\/\/scoalamartisor.ro\/wp-content\/uploads\/2025\/11\/rezultate-proba-scrisa-secretar.pdf\">Rezultate proba scris\u0103 &#8211; Secretar<\/a><a href=\"https:\/\/scoalamartisor.ro\/wp-content\/uploads\/2025\/11\/rezultate-proba-scrisa-secretar.pdf\" class=\"wp-block-file__button wp-element-button\" download aria-describedby=\"wp-block-file--media-84b5ca4b-bcae-4e6f-9fbe-652876e9d724\">Download<\/a><\/div>\n\n\n\n<p><\/p>\n\n\n\n<h2 class=\"wp-block-heading has-text-align-center\">Rezultatul selec\u021biei dosarelor pentru concursul organizat privind ocuparea postului vacant de secretar S, din cadrul \u0218colii Gimnaziale M\u0103r\u021bi\u0219or (structura \u0218coala Gimnazial\u0103 Ien\u0103chi\u021ba V\u0103c\u0103rescu)<\/h2>\n\n\n\n<p class=\"has-text-align-center\">P\u00e2n\u0103 la termenul limit\u0103 pentru depunerea dosarelor s-au \u00eenregistrat trei dosare de candidatur\u0103.<\/p>\n\n\n\n<p class=\"has-text-align-center\">Rezultatele selec\u021biei sunt urm\u0103toarele:<\/p>\n\n\n\n<p class=\"has-text-align-center\"><strong>Dosar nr. 2424\/28.10.2025 &#8211; ADMIS<\/strong><\/p>\n\n\n\n<p class=\"has-text-align-center\"><strong>Dosar nr. 2438\/ 31.10.2025 &#8211; ADMIS<\/strong><\/p>\n\n\n\n<p class=\"has-text-align-center\"><strong>Dosar nr. 23446\/03.11.2025 &#8211; ADMIS<\/strong><\/p>\n\n\n\n<p><\/p>\n\n\n\n<h2 class=\"wp-block-heading has-text-align-center\">Anun\u021b concurs post analist programator &#8211; S<\/h2>\n\n\n\n<p>\u0218coala Gimnazial\u0103 \u201d M\u0103r\u021bi\u0219or\u201d, Bucure\u0219ti, str. M\u0103r\u021bi\u0219or nr. 39, sector 4, Bucure\u0219ti, organizeaz\u0103 concurs pentru ocuparea unui <strong>post vacant de analist programator &#8211; S<\/strong>&nbsp;pe perioad\u0103 nedeterminat\u0103, cu studii superioare, func\u021bie contractual\u0103 de execu\u021bie.<\/p>\n\n\n\n<div class=\"wp-block-file aligncenter\"><a id=\"wp-block-file--media-dea6e14a-2b0d-471f-9c3a-2442b6645c58\" href=\"https:\/\/scoalamartisor.ro\/wp-content\/uploads\/2025\/10\/Scoala-Martisor-concurs-post-ANALIST-2025.pdf\">Scoala Gimnaziala Martisor concurs post Analist programator octombrie 2025<\/a><a href=\"https:\/\/scoalamartisor.ro\/wp-content\/uploads\/2025\/10\/Scoala-Martisor-concurs-post-ANALIST-2025.pdf\" class=\"wp-block-file__button wp-element-button\" download aria-describedby=\"wp-block-file--media-dea6e14a-2b0d-471f-9c3a-2442b6645c58\">Download<\/a><\/div>\n\n\n\n<div class=\"wp-block-file aligncenter\"><a id=\"wp-block-file--media-d19a499c-a3cf-4a6c-b47c-78413699c046\" href=\"https:\/\/scoalamartisor.ro\/wp-content\/uploads\/2025\/10\/Bibliografie-concurs-Analist-programator-S.pdf\">Bibliografie concurs Analist programator &#8211; S<\/a><a href=\"https:\/\/scoalamartisor.ro\/wp-content\/uploads\/2025\/10\/Bibliografie-concurs-Analist-programator-S.pdf\" class=\"wp-block-file__button wp-element-button\" download aria-describedby=\"wp-block-file--media-d19a499c-a3cf-4a6c-b47c-78413699c046\">Download<\/a><\/div>\n\n\n\n<p><\/p>\n\n\n\n<p class=\"has-text-align-center\"><strong><mark style=\"background-color:rgba(0, 0, 0, 0)\" class=\"has-inline-color has-neve-link-color-color\">Postul este pentru sediul din Calea \u0218erban Vod\u0103 62-64, Sector 4, Bucure\u0219ti (structura \u0218coala Ien\u0103chi\u021ba V\u0103c\u0103rescu).<\/mark><\/strong><\/p>\n\n\n\n<p class=\"has-text-align-center\"><strong>Concursul se va organiza conform calendarului urm\u0103tor:<\/strong><\/p>\n\n\n\n<p class=\"has-text-align-center\">&nbsp;6 noiembrie 2025, ora 15.00: termenul limit\u0103 de depunere a dosarelor, la sediul \u0219colii;<\/p>\n\n\n\n<p class=\"has-text-align-center\">7 noiembrie, ora 12:00: afi\u0219are rezultate selec\u021bie dosare concurs;<\/p>\n\n\n\n<p class=\"has-text-align-center\">7 noiembrie, ora 15:00: termenul limit\u0103 de depunere eventuale contesta\u021bii privind selec\u021bia dosarelor;<\/p>\n\n\n\n<p class=\"has-text-align-center\">13 noiembrie 2025, ora 9:00: proba scris\u0103, la sediul \u0219colii;<\/p>\n\n\n\n<p class=\"has-text-align-center\">13 noiembrie 2025, ora 14:00: afi\u0219area rezultatelor la sediul \u0219colii;<\/p>\n\n\n\n<p class=\"has-text-align-center\">13 noiembrie 2025, 14:00 &#8211; 16:00, depunerea eventualelor contesta\u021bii la sediul \u0219colii;<\/p>\n\n\n\n<p class=\"has-text-align-center\">14 noiembrie 2025, ora 12:00: afi\u0219are rezultate contesta\u021bii, la sediul \u0219colii;<\/p>\n\n\n\n<p class=\"has-text-align-center\">17 noiembrie 2025, ora 9:00: proba practic\u0103, la sediul \u0219colii;<\/p>\n\n\n\n<p class=\"has-text-align-center\">17 noiembrie 2025, ora 14:00: afi\u0219are rezultate la proba practic\u0103;<\/p>\n\n\n\n<p class=\"has-text-align-center\">17 noiembrie 2025, 14:00 &#8211; 16:00, depunerea eventualelor contesta\u021bii;<\/p>\n\n\n\n<p class=\"has-text-align-center\">18 noiembrie 2025, ora 12:00: afi\u0219are rezultate contesta\u021bii;<\/p>\n\n\n\n<p class=\"has-text-align-center\">19 noiembrie 2025, ora 9:00: proba interviu, la sediul \u0219colii;<\/p>\n\n\n\n<p class=\"has-text-align-center\">19 noiembrie 2025, ora 14:00: afi\u0219are rezultate la proba interviu;<\/p>\n\n\n\n<p class=\"has-text-align-center\">19 noiembrie 2025, 14:00 &#8211; 16:00, depunerea eventualelor contesta\u021bii;<\/p>\n\n\n\n<p class=\"has-text-align-center\">20 noiembrie 2025, ora 12:00: afi\u0219are rezultate contesta\u021bii \u0219i rezultate finale.<\/p>\n\n\n\n<hr class=\"wp-block-separator has-alpha-channel-opacity\"\/>\n\n\n\n<h2 class=\"wp-block-heading has-text-align-center\">Anun\u021b concurs post secretar &#8211; S<\/h2>\n\n\n\n<p>\u0218coala Gimnazial\u0103 \u201dM\u0103r\u021bi\u0219or\u201d, Bucure\u0219ti, str. M\u0103r\u021bi\u0219or nr. 39, sector 4, Bucure\u0219ti, organizeaz\u0103 concurs pentru ocuparea unui<strong>&nbsp;post vacant de secretar &#8211; S<\/strong>,&nbsp;pe perioad\u0103 nedeterminat\u0103, cu studii superioare, func\u021bie contractual\u0103 de execu\u021bie.<\/p>\n\n\n\n<div class=\"wp-block-file aligncenter\"><a id=\"wp-block-file--media-6ac23e71-d468-4136-acb3-f65b61d11474\" href=\"https:\/\/scoalamartisor.ro\/wp-content\/uploads\/2025\/10\/Scoala-Gimnaziala-Martisor-Anunt-concurs-post-Secretar-octombrie-2025.pdf\">Scoala Gimnaziala Martisor concurs post Secretar octombrie 2025<\/a><a href=\"https:\/\/scoalamartisor.ro\/wp-content\/uploads\/2025\/10\/Scoala-Gimnaziala-Martisor-Anunt-concurs-post-Secretar-octombrie-2025.pdf\" class=\"wp-block-file__button wp-element-button\" download aria-describedby=\"wp-block-file--media-6ac23e71-d468-4136-acb3-f65b61d11474\">Download<\/a><\/div>\n\n\n\n<div class=\"wp-block-file aligncenter\"><a id=\"wp-block-file--media-78d56f5a-c5fb-468f-bda0-0848c94c8420\" href=\"https:\/\/scoalamartisor.ro\/wp-content\/uploads\/2025\/10\/Post-secretar_bibliografie_tematica-_atributii-fisa.pdf\">Post secretar_bibliografie_tematica _atributii fisa<\/a><a href=\"https:\/\/scoalamartisor.ro\/wp-content\/uploads\/2025\/10\/Post-secretar_bibliografie_tematica-_atributii-fisa.pdf\" class=\"wp-block-file__button wp-element-button\" download aria-describedby=\"wp-block-file--media-78d56f5a-c5fb-468f-bda0-0848c94c8420\">Download<\/a><\/div>\n\n\n\n<p><\/p>\n\n\n\n<p class=\"has-text-align-center\"><strong><mark style=\"background-color:rgba(0, 0, 0, 0)\" class=\"has-inline-color has-neve-link-color-color\">Postul este pentru sediul din Calea \u0218erban Vod\u0103 62-64, Sector 4, Bucure\u0219ti (structura \u0218coala Ien\u0103chi\u021ba V\u0103c\u0103rescu).<\/mark><\/strong><\/p>\n\n\n\n<p class=\"has-text-align-center\"><strong>Concursul se va organiza conform calendarului urm\u0103tor:<\/strong><\/p>\n\n\n\n<p><\/p>\n\n\n\n<p class=\"has-text-align-center\">4 noiembrie 2025, ora 15:00: termenul limit\u0103 de depunere a dosarelor, la sediul \u0219colii;<\/p>\n\n\n\n<p class=\"has-text-align-center\">10 noiembrie 2025, ora 10:00: proba scris\u0103, la sediul \u0219colii;<\/p>\n\n\n\n<p class=\"has-text-align-center\">12 noiembrie 2025, ora 10:00: proba interviu, la sediul \u0219colii;<\/p>\n\n\n\n<p><\/p>\n\n\n\n<hr class=\"wp-block-separator has-alpha-channel-opacity\"\/>\n\n\n\n<h2 class=\"wp-block-heading has-text-align-center\"><strong>Anun\u021b concurs post<\/strong> <strong>\u00eengrijitoare<\/strong><\/h2>\n\n\n\n<p class=\"has-text-align-left\">\u0218coala Gimnazial\u0103 \u201d M\u0103r\u021bi\u0219or\u201d, cu sediul \u00een Bucure\u0219ti, str. M\u0103r\u021bi\u0219or nr. 39, sector 4, Bucure\u0219ti, organizeaz\u0103 concurs pentru ocuparea unui<strong> post vacant de \u00eengrijitoare<em>,<\/em> <\/strong>pe perioad\u0103 nedeterminat\u0103, cu studii gimnaziale, func\u021bie contractual\u0103 de execu\u021bie.<\/p>\n\n\n\n<div class=\"wp-block-file aligncenter\"><a id=\"wp-block-file--media-da2e9531-9ce7-40bb-b89c-b5db28b7ca70\" href=\"https:\/\/scoalamartisor.ro\/wp-content\/uploads\/2024\/11\/Scoala-Martisor-concurs-post-ingrijitoare-28.11.2024.pdf\">Scoala Martisor concurs post \u00eengrijitoare 28.11.2024<\/a><a href=\"https:\/\/scoalamartisor.ro\/wp-content\/uploads\/2024\/11\/Scoala-Martisor-concurs-post-ingrijitoare-28.11.2024.pdf\" class=\"wp-block-file__button wp-element-button\" download aria-describedby=\"wp-block-file--media-da2e9531-9ce7-40bb-b89c-b5db28b7ca70\">Download<\/a><\/div>\n\n\n\n<p><\/p>\n\n\n\n<p class=\"has-text-align-center\"><strong>Concursul 2024<\/strong> <strong>se va organiza conform calendarului urm\u0103tor:<\/strong><\/p>\n\n\n\n<p class=\"has-text-align-center\">10 decembrie 2024, ora 15.00: termenul limit\u0103 de depunere a dosarelor, la sediul \u0219colii;<\/p>\n\n\n\n<p class=\"has-text-align-center\">o&nbsp;11 decembrie 2024, ora 10:00 afi\u0219are selec\u021bie dosare si depunere contesta\u021bii pana in ora 15:00<\/p>\n\n\n\n<p class=\"has-text-align-center\">o&nbsp;13 decembrie 2024, ora 09:00: proba practica, la sediul \u0219colii;<\/p>\n\n\n\n<p class=\"has-text-align-center\">o&nbsp;16 decembrie 2024, ora 10:00 afi\u0219are rezultate si depunere contesta\u021bii pana in ora 15:00<\/p>\n\n\n\n<p class=\"has-text-align-center\">o&nbsp;18 decembrie 2024, ora 11:30: proba interviu, la sediul \u0219colii;<\/p>\n\n\n\n<p class=\"has-text-align-center\">o&nbsp;18 decembrie 2024, ora 13:00 afi\u0219are rezultate interviu si depunere contesta\u021bii pana in ora 15:00<\/p>\n\n\n\n<p class=\"has-text-align-center\">o&nbsp;19 decembrie 2024, ora 10:00 afi\u0219are rezultate finale.<\/p>\n\n\n\n<div class=\"wp-block-file\"><a id=\"wp-block-file--media-42386888-994a-4cc1-b225-18557aa40181\" href=\"https:\/\/scoalamartisor.ro\/wp-content\/uploads\/2024\/12\/Tematica-si-bibliografie-concurs-ingrijitoare.pdf\" target=\"_blank\" rel=\"noreferrer noopener\">Tematic\u0103 \u0219i bibliografie concurs \u00eengrijitoare<\/a><a href=\"https:\/\/scoalamartisor.ro\/wp-content\/uploads\/2024\/12\/Tematica-si-bibliografie-concurs-ingrijitoare.pdf\" class=\"wp-block-file__button wp-element-button\" download aria-describedby=\"wp-block-file--media-42386888-994a-4cc1-b225-18557aa40181\">Descarc\u0103<\/a><\/div>\n\n\n\n<div class=\"wp-block-file\"><a id=\"wp-block-file--media-e1abaf15-a1b2-45f7-996c-6196b0ad4805\" href=\"https:\/\/scoalamartisor.ro\/wp-content\/uploads\/2024\/12\/Fisa-postului-ingrijitoare.pdf\" target=\"_blank\" rel=\"noreferrer noopener\">Fisa postului ingrijitoare<\/a><a href=\"https:\/\/scoalamartisor.ro\/wp-content\/uploads\/2024\/12\/Fisa-postului-ingrijitoare.pdf\" class=\"wp-block-file__button wp-element-button\" download aria-describedby=\"wp-block-file--media-e1abaf15-a1b2-45f7-996c-6196b0ad4805\">Descarc\u0103<\/a><\/div>\n\n\n\n<hr class=\"wp-block-separator has-alpha-channel-opacity\"\/>\n\n\n\n<h2 class=\"wp-block-heading has-text-align-center\"><strong>Anun\u021b concurs post<\/strong> <strong>paznic<\/strong><\/h2>\n\n\n\n<p class=\"has-text-align-left\">\u0218coala Gimnazial\u0103 \u201d M\u0103r\u021bi\u0219or\u201d, cu sediul \u00een Bucure\u0219ti, str. M\u0103r\u021bi\u0219or nr. 39, sector 4, Bucure\u0219ti, organizeaz\u0103 concurs pentru ocuparea unui<strong> post vacant de paznic<em>,<\/em> <\/strong>pe perioad\u0103 nedeterminat\u0103, cu studii gimnaziale, func\u021bie contractual\u0103 de execu\u021bie.<\/p>\n\n\n\n<div class=\"wp-block-file aligncenter\"><a id=\"wp-block-file--media-12145ee0-34cc-436e-b903-c2c3b7d5cce3\" href=\"https:\/\/scoalamartisor.ro\/wp-content\/uploads\/2024\/11\/Scoala-Martisor-concurs-post-paza-28.11.2024-refacut.pdf\">Scoala Martisor concurs post paza 28.11.2024<\/a><a href=\"https:\/\/scoalamartisor.ro\/wp-content\/uploads\/2024\/11\/Scoala-Martisor-concurs-post-paza-28.11.2024-refacut.pdf\" class=\"wp-block-file__button wp-element-button\" download aria-describedby=\"wp-block-file--media-12145ee0-34cc-436e-b903-c2c3b7d5cce3\">Download<\/a><\/div>\n\n\n\n<p><\/p>\n\n\n\n<p class=\"has-text-align-center\"><strong>Concursul 2024<\/strong> <strong>se va organiza conform calendarului urm\u0103tor:<\/strong><\/p>\n\n\n\n<p class=\"has-text-align-center\">10 decembrie 2024, ora 15.00: termenul limit\u0103 de depunere a dosarelor, la sediul \u0219colii;<\/p>\n\n\n\n<p class=\"has-text-align-center\">o&nbsp;11 decembrie 2024, ora 10:00 afi\u0219are selec\u021bie dosare si depunere contesta\u021bii pana in ora 15:00<\/p>\n\n\n\n<p class=\"has-text-align-center\">o&nbsp;13 decembrie 2024, ora 09:00: proba practica, la sediul \u0219colii;<\/p>\n\n\n\n<p class=\"has-text-align-center\">o&nbsp;16 decembrie 2024, ora 10:00 afi\u0219are rezultate si depunere contesta\u021bii pana in ora 15:00<\/p>\n\n\n\n<p class=\"has-text-align-center\">o&nbsp;18 decembrie 2024, ora 11:30: proba interviu, la sediul \u0219colii;<\/p>\n\n\n\n<p class=\"has-text-align-center\">o&nbsp;18 decembrie 2024, ora 13:00 afi\u0219are rezultate interviu si depunere contesta\u021bii pana in ora 15:00<\/p>\n\n\n\n<p class=\"has-text-align-center\">o&nbsp;19 decembrie 2024, ora 10:00 afi\u0219are rezultate finale.<\/p>\n\n\n\n<p><\/p>\n\n\n\n<div class=\"wp-block-file\"><a id=\"wp-block-file--media-e5aa9e29-6fec-4624-9e5d-fd451433a030\" href=\"https:\/\/scoalamartisor.ro\/wp-content\/uploads\/2024\/12\/TEMATICA-SI-BIBLIOGRAFIE-Paznic.pdf\" target=\"_blank\" rel=\"noreferrer noopener\">TEMATIC\u0102 \u0218I BIBLIOGRAFIE &#8211; Paznic<\/a><a href=\"https:\/\/scoalamartisor.ro\/wp-content\/uploads\/2024\/12\/TEMATICA-SI-BIBLIOGRAFIE-Paznic.pdf\" class=\"wp-block-file__button wp-element-button\" download aria-describedby=\"wp-block-file--media-e5aa9e29-6fec-4624-9e5d-fd451433a030\">Descarc\u0103<\/a><\/div>\n\n\n\n<div class=\"wp-block-file\"><a id=\"wp-block-file--media-fc8c9a31-97db-4132-86fd-a3ef4817b29e\" href=\"https:\/\/scoalamartisor.ro\/wp-content\/uploads\/2024\/12\/Fisa-postului-Paznic.pdf\" target=\"_blank\" rel=\"noreferrer noopener\">Fisa postului  Paznic<\/a><a href=\"https:\/\/scoalamartisor.ro\/wp-content\/uploads\/2024\/12\/Fisa-postului-Paznic.pdf\" class=\"wp-block-file__button wp-element-button\" download aria-describedby=\"wp-block-file--media-fc8c9a31-97db-4132-86fd-a3ef4817b29e\">Descarc\u0103<\/a><\/div>\n\n\n\n<hr class=\"wp-block-separator has-alpha-channel-opacity\"\/>\n\n\n\n<p class=\"has-text-align-center\"><strong>Concursul 2023 se va organiza conform calendarului urm\u0103tor:<\/strong><\/p>\n\n\n\n<p class=\"has-text-align-center\">Proba practic\u0103 \u00een data de 16.11.2023,&nbsp; ora 11,30<\/p>\n\n\n\n<p class=\"has-text-align-center\">Proba interviu \u00een data de 17.11.2023,&nbsp; ora 11,30<\/p>\n\n\n\n<p class=\"has-text-align-center\">Pentru mai multe <strong>informa\u021bii<\/strong>, <\/p>\n\n\n\n<div class=\"wp-block-file aligncenter\"><a id=\"wp-block-file--media-e36785a1-a085-413b-a2bb-bf76efd51e90\" href=\"https:\/\/scoalamartisor.ro\/wp-content\/uploads\/2023\/10\/Scoala-Martisor-concurs-post-ingrijitoare-noiembrie-2023.doc\">Scoala-Martisor-concurs-post-ingrijitoare-noiembrie-2023<\/a><a href=\"https:\/\/scoalamartisor.ro\/wp-content\/uploads\/2023\/10\/Scoala-Martisor-concurs-post-ingrijitoare-noiembrie-2023.doc\" class=\"wp-block-file__button wp-element-button\" download aria-describedby=\"wp-block-file--media-e36785a1-a085-413b-a2bb-bf76efd51e90\">Descarc\u0103<\/a><\/div>\n","protected":false},"excerpt":{"rendered":"<p>Anun\u021b de atribuire Servicii Catering Pre\u0219colar 30.03.2026 Gr\u0103dini\u021b\u0103 Anun\u021b de atribuire Servicii Catering Antepre\u0219colar 30.03.2026 Cre\u0219\u0103 Procedur\u0103 proprie de achizi\u021bie public\u0103 de servicii de catering pentru Cre\u0219\u0103 2026 Procedur\u0103 proprie de achizi\u021bie public\u0103 de servicii de catering pentru Gr\u0103dini\u021b\u0103 2026 Rezultatul candida\u021bilor la proba scris\u0103 a concursului organizat privind ocuparea postului vacant de secretar S,&hellip;&nbsp;<a href=\"https:\/\/scoalamartisor.ro\/?page_id=269\" class=\"\" rel=\"bookmark\">Cite\u0219te mai mult &raquo;<span class=\"screen-reader-text\">Anun\u021buri<\/span><\/a><\/p>\n","protected":false},"author":3,"featured_media":0,"parent":0,"menu_order":0,"comment_status":"closed","ping_status":"closed","template":"","meta":{"neve_meta_sidebar":"","neve_meta_container":"","neve_meta_enable_content_width":"","neve_meta_content_width":0,"neve_meta_title_alignment":"center","neve_meta_author_avatar":"","neve_post_elements_order":"","neve_meta_disable_header":"","neve_meta_disable_footer":"","neve_meta_disable_title":"on","footnotes":""},"class_list":["post-269","page","type-page","status-publish","hentry"],"_links":{"self":[{"href":"https:\/\/scoalamartisor.ro\/index.php?rest_route=\/wp\/v2\/pages\/269","targetHints":{"allow":["GET"]}}],"collection":[{"href":"https:\/\/scoalamartisor.ro\/index.php?rest_route=\/wp\/v2\/pages"}],"about":[{"href":"https:\/\/scoalamartisor.ro\/index.php?rest_route=\/wp\/v2\/types\/page"}],"author":[{"embeddable":true,"href":"https:\/\/scoalamartisor.ro\/index.php?rest_route=\/wp\/v2\/users\/3"}],"replies":[{"embeddable":true,"href":"https:\/\/scoalamartisor.ro\/index.php?rest_route=%2Fwp%2Fv2%2Fcomments&post=269"}],"version-history":[{"count":55,"href":"https:\/\/scoalamartisor.ro\/index.php?rest_route=\/wp\/v2\/pages\/269\/revisions"}],"predecessor-version":[{"id":1259,"href":"https:\/\/scoalamartisor.ro\/index.php?rest_route=\/wp\/v2\/pages\/269\/revisions\/1259"}],"wp:attachment":[{"href":"https:\/\/scoalamartisor.ro\/index.php?rest_route=%2Fwp%2Fv2%2Fmedia&parent=269"}],"curies":[{"name":"wp","href":"https:\/\/api.w.org\/{rel}","templated":true}]}}