{"id":187,"date":"2017-02-07T05:02:01","date_gmt":"2017-02-07T05:02:01","guid":{"rendered":"https:\/\/raratheme.com\/preview\/preschool-and-kindergarten\/?page_id=6"},"modified":"2026-03-16T15:18:23","modified_gmt":"2026-03-16T15:18:23","slug":"home","status":"publish","type":"page","link":"https:\/\/scoalamartisor.ro\/","title":{"rendered":"Home"},"content":{"rendered":"\n<p><\/p>\n\n\n<div class=\"wp-block-image\">\n<figure class=\"aligncenter size-full is-resized\"><img loading=\"lazy\" decoding=\"async\" width=\"2560\" height=\"1674\" src=\"https:\/\/scoalamartisor.ro\/wp-content\/uploads\/2024\/03\/Header-Site-Pictura-scaled.jpg\" alt=\"\" class=\"wp-image-765\" style=\"width:1150px\" srcset=\"https:\/\/scoalamartisor.ro\/wp-content\/uploads\/2024\/03\/Header-Site-Pictura-scaled.jpg 2560w, https:\/\/scoalamartisor.ro\/wp-content\/uploads\/2024\/03\/Header-Site-Pictura-300x196.jpg 300w, https:\/\/scoalamartisor.ro\/wp-content\/uploads\/2024\/03\/Header-Site-Pictura-1024x670.jpg 1024w, https:\/\/scoalamartisor.ro\/wp-content\/uploads\/2024\/03\/Header-Site-Pictura-768x502.jpg 768w, https:\/\/scoalamartisor.ro\/wp-content\/uploads\/2024\/03\/Header-Site-Pictura-1536x1004.jpg 1536w, https:\/\/scoalamartisor.ro\/wp-content\/uploads\/2024\/03\/Header-Site-Pictura-2048x1339.jpg 2048w\" sizes=\"auto, (max-width: 2560px) 100vw, 2560px\" \/><\/figure>\n<\/div>\n\n<div class=\"wp-block-image\">\n<figure class=\"aligncenter size-large is-resized\"><img loading=\"lazy\" decoding=\"async\" width=\"1024\" height=\"15\" src=\"https:\/\/scoalamartisor.ro\/wp-content\/uploads\/2024\/04\/Strip-1024x15.jpg\" alt=\"\" class=\"wp-image-772\" style=\"width:1130px\" srcset=\"https:\/\/scoalamartisor.ro\/wp-content\/uploads\/2024\/04\/Strip-1024x15.jpg 1024w, https:\/\/scoalamartisor.ro\/wp-content\/uploads\/2024\/04\/Strip-300x4.jpg 300w, https:\/\/scoalamartisor.ro\/wp-content\/uploads\/2024\/04\/Strip-768x11.jpg 768w, https:\/\/scoalamartisor.ro\/wp-content\/uploads\/2024\/04\/Strip-1536x23.jpg 1536w, https:\/\/scoalamartisor.ro\/wp-content\/uploads\/2024\/04\/Strip-2048x30.jpg 2048w\" sizes=\"auto, (max-width: 1024px) 100vw, 1024px\" \/><\/figure>\n<\/div>\n\n\n<p><\/p>\n\n\n\n<figure class=\"wp-block-gallery has-nested-images columns-default is-cropped wp-block-gallery-1 is-layout-flex wp-block-gallery-is-layout-flex\">\n<figure class=\"wp-block-image size-large\"><img loading=\"lazy\" decoding=\"async\" width=\"1024\" height=\"768\" data-id=\"1251\" src=\"https:\/\/scoalamartisor.ro\/wp-content\/uploads\/2026\/03\/image34234-1024x768.jpg\" alt=\"\" class=\"wp-image-1251\" srcset=\"https:\/\/scoalamartisor.ro\/wp-content\/uploads\/2026\/03\/image34234-1024x768.jpg 1024w, https:\/\/scoalamartisor.ro\/wp-content\/uploads\/2026\/03\/image34234-300x225.jpg 300w, https:\/\/scoalamartisor.ro\/wp-content\/uploads\/2026\/03\/image34234-768x576.jpg 768w, https:\/\/scoalamartisor.ro\/wp-content\/uploads\/2026\/03\/image34234-1536x1152.jpg 1536w, https:\/\/scoalamartisor.ro\/wp-content\/uploads\/2026\/03\/image34234-2048x1536.jpg 2048w\" sizes=\"auto, (max-width: 1024px) 100vw, 1024px\" \/><\/figure>\n<\/figure>\n\n\n\n<figure class=\"wp-block-pullquote\" style=\"font-size:13px\"><blockquote><p><strong>Ziua Armatei Rom\u00e2ne<\/strong><\/p><cite><em>Ziua Armatei Rom\u00e2ne a fost s\u0103rb\u0103torit\u0103 cu entuziasm, iar elevii no\u0219tri au avut parte de o experien\u021b\u0103 deosebit\u0103. <\/em><a href=\"https:\/\/scoalamartisor.ro\/?page_id=620\" data-type=\"page\" data-id=\"620\">Vezi mai multe&#8230;<\/a><\/cite><\/blockquote><\/figure>\n\n\n<div class=\"wp-block-image\">\n<figure class=\"aligncenter size-full is-resized\"><img loading=\"lazy\" decoding=\"async\" width=\"2500\" height=\"728\" src=\"https:\/\/scoalamartisor.ro\/wp-content\/uploads\/2024\/10\/colaj-5.jpg\" alt=\"\" class=\"wp-image-936\" style=\"width:1169px\" srcset=\"https:\/\/scoalamartisor.ro\/wp-content\/uploads\/2024\/10\/colaj-5.jpg 2500w, https:\/\/scoalamartisor.ro\/wp-content\/uploads\/2024\/10\/colaj-5-300x87.jpg 300w, https:\/\/scoalamartisor.ro\/wp-content\/uploads\/2024\/10\/colaj-5-1024x298.jpg 1024w, https:\/\/scoalamartisor.ro\/wp-content\/uploads\/2024\/10\/colaj-5-768x224.jpg 768w, https:\/\/scoalamartisor.ro\/wp-content\/uploads\/2024\/10\/colaj-5-1536x447.jpg 1536w, https:\/\/scoalamartisor.ro\/wp-content\/uploads\/2024\/10\/colaj-5-2048x596.jpg 2048w\" sizes=\"auto, (max-width: 2500px) 100vw, 2500px\" \/><\/figure>\n<\/div>\n\n\n<figure class=\"wp-block-pullquote has-small-font-size\"><blockquote><p><strong>Concursuri sportive<\/strong><\/p><cite> Suntem m\u00e2ndri s\u0103 anun\u021b\u0103m rezultatele ob\u021binute de elevii no\u0219tri la diferite competi\u021bii sportive. <a href=\"https:\/\/scoalamartisor.ro\/?page_id=739\" data-type=\"page\" data-id=\"739\">Vezi rezultatele&#8230;<\/a><\/cite><\/blockquote><\/figure>\n\n\n<div class=\"wp-block-image\">\n<figure class=\"aligncenter size-full is-resized\"><img loading=\"lazy\" decoding=\"async\" width=\"2500\" height=\"728\" src=\"https:\/\/scoalamartisor.ro\/wp-content\/uploads\/2024\/03\/colaj.jpg\" alt=\"\" class=\"wp-image-755\" style=\"width:1169px;height:auto\" srcset=\"https:\/\/scoalamartisor.ro\/wp-content\/uploads\/2024\/03\/colaj.jpg 2500w, https:\/\/scoalamartisor.ro\/wp-content\/uploads\/2024\/03\/colaj-300x87.jpg 300w, https:\/\/scoalamartisor.ro\/wp-content\/uploads\/2024\/03\/colaj-1024x298.jpg 1024w, https:\/\/scoalamartisor.ro\/wp-content\/uploads\/2024\/03\/colaj-768x224.jpg 768w, https:\/\/scoalamartisor.ro\/wp-content\/uploads\/2024\/03\/colaj-1536x447.jpg 1536w, https:\/\/scoalamartisor.ro\/wp-content\/uploads\/2024\/03\/colaj-2048x596.jpg 2048w\" sizes=\"auto, (max-width: 2500px) 100vw, 2500px\" \/><\/figure>\n<\/div>\n\n\n<figure class=\"wp-block-pullquote has-small-font-size\"><blockquote><p><strong>S\u0103rb\u0103torirea primelor 100 de zile de \u0219coal\u0103<\/strong><\/p><cite>Cu ocazia \u00eemplinirii celor 100 de zile de \u0219coal\u0103, elevii claselor primare au fost \u00eencuraja\u021bi s\u0103-\u0219i arate creativitatea prin activit\u0103\u021bi speciale. <a href=\"https:\/\/scoalamartisor.ro\/?page_id=620\" data-type=\"page\" data-id=\"620\">Cite\u0219te mai mult&#8230;<\/a><\/cite><\/blockquote><\/figure>\n\n\n\n<figure class=\"wp-block-gallery has-nested-images columns-default is-cropped wp-block-gallery-2 is-layout-flex wp-block-gallery-is-layout-flex\">\n<figure data-wp-context=\"{&quot;imageId&quot;:&quot;69e74eb12c1f0&quot;}\" data-wp-interactive=\"core\/image\" data-wp-key=\"69e74eb12c1f0\" class=\"wp-block-image size-large wp-lightbox-container\"><img loading=\"lazy\" decoding=\"async\" width=\"1024\" height=\"717\" data-wp-class--hide=\"state.isContentHidden\" data-wp-class--show=\"state.isContentVisible\" data-wp-init=\"callbacks.setButtonStyles\" data-wp-on--click=\"actions.showLightbox\" data-wp-on--load=\"callbacks.setButtonStyles\" data-wp-on-window--resize=\"callbacks.setButtonStyles\" data-id=\"691\" src=\"https:\/\/scoalamartisor.ro\/wp-content\/uploads\/2024\/03\/TBD_4650_VSCO-1024x717.jpg\" alt=\"\" class=\"wp-image-691\" srcset=\"https:\/\/scoalamartisor.ro\/wp-content\/uploads\/2024\/03\/TBD_4650_VSCO-1024x717.jpg 1024w, https:\/\/scoalamartisor.ro\/wp-content\/uploads\/2024\/03\/TBD_4650_VSCO-300x210.jpg 300w, https:\/\/scoalamartisor.ro\/wp-content\/uploads\/2024\/03\/TBD_4650_VSCO-768x538.jpg 768w, https:\/\/scoalamartisor.ro\/wp-content\/uploads\/2024\/03\/TBD_4650_VSCO-1536x1076.jpg 1536w, https:\/\/scoalamartisor.ro\/wp-content\/uploads\/2024\/03\/TBD_4650_VSCO.jpg 2000w\" sizes=\"auto, (max-width: 1024px) 100vw, 1024px\" \/><button\n\t\t\tclass=\"lightbox-trigger\"\n\t\t\ttype=\"button\"\n\t\t\taria-haspopup=\"dialog\"\n\t\t\taria-label=\"Extinde\"\n\t\t\tdata-wp-init=\"callbacks.initTriggerButton\"\n\t\t\tdata-wp-on--click=\"actions.showLightbox\"\n\t\t\tdata-wp-style--right=\"state.imageButtonRight\"\n\t\t\tdata-wp-style--top=\"state.imageButtonTop\"\n\t\t>\n\t\t\t<svg xmlns=\"http:\/\/www.w3.org\/2000\/svg\" width=\"12\" height=\"12\" fill=\"none\" viewBox=\"0 0 12 12\">\n\t\t\t\t<path fill=\"#fff\" d=\"M2 0a2 2 0 0 0-2 2v2h1.5V2a.5.5 0 0 1 .5-.5h2V0H2Zm2 10.5H2a.5.5 0 0 1-.5-.5V8H0v2a2 2 0 0 0 2 2h2v-1.5ZM8 12v-1.5h2a.5.5 0 0 0 .5-.5V8H12v2a2 2 0 0 1-2 2H8Zm2-12a2 2 0 0 1 2 2v2h-1.5V2a.5.5 0 0 0-.5-.5H8V0h2Z\" \/>\n\t\t\t<\/svg>\n\t\t<\/button><\/figure>\n\n\n\n<figure data-wp-context=\"{&quot;imageId&quot;:&quot;69e74eb12c809&quot;}\" data-wp-interactive=\"core\/image\" data-wp-key=\"69e74eb12c809\" class=\"wp-block-image size-large wp-lightbox-container\"><img loading=\"lazy\" decoding=\"async\" width=\"1024\" height=\"684\" data-wp-class--hide=\"state.isContentHidden\" data-wp-class--show=\"state.isContentVisible\" data-wp-init=\"callbacks.setButtonStyles\" data-wp-on--click=\"actions.showLightbox\" data-wp-on--load=\"callbacks.setButtonStyles\" data-wp-on-window--resize=\"callbacks.setButtonStyles\" data-id=\"690\" src=\"https:\/\/scoalamartisor.ro\/wp-content\/uploads\/2024\/03\/TBD_4644_VSCO-1024x684.jpg\" alt=\"\" class=\"wp-image-690\" srcset=\"https:\/\/scoalamartisor.ro\/wp-content\/uploads\/2024\/03\/TBD_4644_VSCO-1024x684.jpg 1024w, https:\/\/scoalamartisor.ro\/wp-content\/uploads\/2024\/03\/TBD_4644_VSCO-300x200.jpg 300w, https:\/\/scoalamartisor.ro\/wp-content\/uploads\/2024\/03\/TBD_4644_VSCO-768x513.jpg 768w, https:\/\/scoalamartisor.ro\/wp-content\/uploads\/2024\/03\/TBD_4644_VSCO-1536x1025.jpg 1536w, https:\/\/scoalamartisor.ro\/wp-content\/uploads\/2024\/03\/TBD_4644_VSCO-930x620.jpg 930w, https:\/\/scoalamartisor.ro\/wp-content\/uploads\/2024\/03\/TBD_4644_VSCO.jpg 2000w\" sizes=\"auto, (max-width: 1024px) 100vw, 1024px\" \/><button\n\t\t\tclass=\"lightbox-trigger\"\n\t\t\ttype=\"button\"\n\t\t\taria-haspopup=\"dialog\"\n\t\t\taria-label=\"Extinde\"\n\t\t\tdata-wp-init=\"callbacks.initTriggerButton\"\n\t\t\tdata-wp-on--click=\"actions.showLightbox\"\n\t\t\tdata-wp-style--right=\"state.imageButtonRight\"\n\t\t\tdata-wp-style--top=\"state.imageButtonTop\"\n\t\t>\n\t\t\t<svg xmlns=\"http:\/\/www.w3.org\/2000\/svg\" width=\"12\" height=\"12\" fill=\"none\" viewBox=\"0 0 12 12\">\n\t\t\t\t<path fill=\"#fff\" d=\"M2 0a2 2 0 0 0-2 2v2h1.5V2a.5.5 0 0 1 .5-.5h2V0H2Zm2 10.5H2a.5.5 0 0 1-.5-.5V8H0v2a2 2 0 0 0 2 2h2v-1.5ZM8 12v-1.5h2a.5.5 0 0 0 .5-.5V8H12v2a2 2 0 0 1-2 2H8Zm2-12a2 2 0 0 1 2 2v2h-1.5V2a.5.5 0 0 0-.5-.5H8V0h2Z\" \/>\n\t\t\t<\/svg>\n\t\t<\/button><\/figure>\n\n\n\n<figure data-wp-context=\"{&quot;imageId&quot;:&quot;69e74eb12d000&quot;}\" data-wp-interactive=\"core\/image\" data-wp-key=\"69e74eb12d000\" class=\"wp-block-image size-large wp-lightbox-container\"><img loading=\"lazy\" decoding=\"async\" width=\"1024\" height=\"700\" data-wp-class--hide=\"state.isContentHidden\" data-wp-class--show=\"state.isContentVisible\" data-wp-init=\"callbacks.setButtonStyles\" data-wp-on--click=\"actions.showLightbox\" data-wp-on--load=\"callbacks.setButtonStyles\" data-wp-on-window--resize=\"callbacks.setButtonStyles\" data-id=\"695\" src=\"https:\/\/scoalamartisor.ro\/wp-content\/uploads\/2024\/03\/TBD_4657_VSCO-1024x700.jpg\" alt=\"\" class=\"wp-image-695\" srcset=\"https:\/\/scoalamartisor.ro\/wp-content\/uploads\/2024\/03\/TBD_4657_VSCO-1024x700.jpg 1024w, https:\/\/scoalamartisor.ro\/wp-content\/uploads\/2024\/03\/TBD_4657_VSCO-300x205.jpg 300w, https:\/\/scoalamartisor.ro\/wp-content\/uploads\/2024\/03\/TBD_4657_VSCO-768x525.jpg 768w, https:\/\/scoalamartisor.ro\/wp-content\/uploads\/2024\/03\/TBD_4657_VSCO-1536x1051.jpg 1536w, https:\/\/scoalamartisor.ro\/wp-content\/uploads\/2024\/03\/TBD_4657_VSCO.jpg 2000w\" sizes=\"auto, (max-width: 1024px) 100vw, 1024px\" \/><button\n\t\t\tclass=\"lightbox-trigger\"\n\t\t\ttype=\"button\"\n\t\t\taria-haspopup=\"dialog\"\n\t\t\taria-label=\"Extinde\"\n\t\t\tdata-wp-init=\"callbacks.initTriggerButton\"\n\t\t\tdata-wp-on--click=\"actions.showLightbox\"\n\t\t\tdata-wp-style--right=\"state.imageButtonRight\"\n\t\t\tdata-wp-style--top=\"state.imageButtonTop\"\n\t\t>\n\t\t\t<svg xmlns=\"http:\/\/www.w3.org\/2000\/svg\" width=\"12\" height=\"12\" fill=\"none\" viewBox=\"0 0 12 12\">\n\t\t\t\t<path fill=\"#fff\" d=\"M2 0a2 2 0 0 0-2 2v2h1.5V2a.5.5 0 0 1 .5-.5h2V0H2Zm2 10.5H2a.5.5 0 0 1-.5-.5V8H0v2a2 2 0 0 0 2 2h2v-1.5ZM8 12v-1.5h2a.5.5 0 0 0 .5-.5V8H12v2a2 2 0 0 1-2 2H8Zm2-12a2 2 0 0 1 2 2v2h-1.5V2a.5.5 0 0 0-.5-.5H8V0h2Z\" \/>\n\t\t\t<\/svg>\n\t\t<\/button><\/figure>\n<\/figure>\n\n\n\n<figure class=\"wp-block-pullquote has-small-font-size\"><blockquote><p><strong>T\u00e2rgul de Cr\u0103ciun 2023<\/strong><\/p><cite>\u00cen spiritul s\u0103rb\u0103torilor, \u0218coala Gimnazial\u0103 M\u0103r\u021bi\u0219or a fost inundat\u0103 de bucurie \u0219i creativitate \u00een cadrul T\u00e2rgului de Cr\u0103ciun organizat de elevii no\u0219tri. <a href=\"https:\/\/scoalamartisor.ro\/?page_id=620\" data-type=\"page\" data-id=\"620\">Cite\u0219te mai mult&#8230;<\/a><\/cite><\/blockquote><\/figure>\n\n\n\n<figure class=\"wp-block-gallery has-nested-images columns-default is-cropped wp-block-gallery-3 is-layout-flex wp-block-gallery-is-layout-flex\">\n<figure data-wp-context=\"{&quot;imageId&quot;:&quot;69e74eb12d85b&quot;}\" data-wp-interactive=\"core\/image\" data-wp-key=\"69e74eb12d85b\" class=\"wp-block-image size-large wp-lightbox-container\"><img loading=\"lazy\" decoding=\"async\" width=\"1024\" height=\"676\" data-wp-class--hide=\"state.isContentHidden\" data-wp-class--show=\"state.isContentVisible\" data-wp-init=\"callbacks.setButtonStyles\" data-wp-on--click=\"actions.showLightbox\" data-wp-on--load=\"callbacks.setButtonStyles\" data-wp-on-window--resize=\"callbacks.setButtonStyles\" data-id=\"625\" src=\"https:\/\/scoalamartisor.ro\/wp-content\/uploads\/2023\/12\/30E844A8-D473-4F3B-BF35-F9049305DBD5-1-1024x676.jpg\" alt=\"\" class=\"wp-image-625\" srcset=\"https:\/\/scoalamartisor.ro\/wp-content\/uploads\/2023\/12\/30E844A8-D473-4F3B-BF35-F9049305DBD5-1-1024x676.jpg 1024w, https:\/\/scoalamartisor.ro\/wp-content\/uploads\/2023\/12\/30E844A8-D473-4F3B-BF35-F9049305DBD5-1-300x198.jpg 300w, https:\/\/scoalamartisor.ro\/wp-content\/uploads\/2023\/12\/30E844A8-D473-4F3B-BF35-F9049305DBD5-1-768x507.jpg 768w, https:\/\/scoalamartisor.ro\/wp-content\/uploads\/2023\/12\/30E844A8-D473-4F3B-BF35-F9049305DBD5-1-1536x1014.jpg 1536w, https:\/\/scoalamartisor.ro\/wp-content\/uploads\/2023\/12\/30E844A8-D473-4F3B-BF35-F9049305DBD5-1.jpg 2000w\" sizes=\"auto, (max-width: 1024px) 100vw, 1024px\" \/><button\n\t\t\tclass=\"lightbox-trigger\"\n\t\t\ttype=\"button\"\n\t\t\taria-haspopup=\"dialog\"\n\t\t\taria-label=\"Extinde\"\n\t\t\tdata-wp-init=\"callbacks.initTriggerButton\"\n\t\t\tdata-wp-on--click=\"actions.showLightbox\"\n\t\t\tdata-wp-style--right=\"state.imageButtonRight\"\n\t\t\tdata-wp-style--top=\"state.imageButtonTop\"\n\t\t>\n\t\t\t<svg xmlns=\"http:\/\/www.w3.org\/2000\/svg\" width=\"12\" height=\"12\" fill=\"none\" viewBox=\"0 0 12 12\">\n\t\t\t\t<path fill=\"#fff\" d=\"M2 0a2 2 0 0 0-2 2v2h1.5V2a.5.5 0 0 1 .5-.5h2V0H2Zm2 10.5H2a.5.5 0 0 1-.5-.5V8H0v2a2 2 0 0 0 2 2h2v-1.5ZM8 12v-1.5h2a.5.5 0 0 0 .5-.5V8H12v2a2 2 0 0 1-2 2H8Zm2-12a2 2 0 0 1 2 2v2h-1.5V2a.5.5 0 0 0-.5-.5H8V0h2Z\" \/>\n\t\t\t<\/svg>\n\t\t<\/button><\/figure>\n\n\n\n<figure data-wp-context=\"{&quot;imageId&quot;:&quot;69e74eb12e098&quot;}\" data-wp-interactive=\"core\/image\" data-wp-key=\"69e74eb12e098\" class=\"wp-block-image size-large wp-lightbox-container\"><img loading=\"lazy\" decoding=\"async\" width=\"987\" height=\"1024\" data-wp-class--hide=\"state.isContentHidden\" data-wp-class--show=\"state.isContentVisible\" data-wp-init=\"callbacks.setButtonStyles\" data-wp-on--click=\"actions.showLightbox\" data-wp-on--load=\"callbacks.setButtonStyles\" data-wp-on-window--resize=\"callbacks.setButtonStyles\" data-id=\"632\" src=\"https:\/\/scoalamartisor.ro\/wp-content\/uploads\/2023\/12\/IMG_0044-copy-987x1024.jpg\" alt=\"\" class=\"wp-image-632\" srcset=\"https:\/\/scoalamartisor.ro\/wp-content\/uploads\/2023\/12\/IMG_0044-copy-987x1024.jpg 987w, https:\/\/scoalamartisor.ro\/wp-content\/uploads\/2023\/12\/IMG_0044-copy-289x300.jpg 289w, https:\/\/scoalamartisor.ro\/wp-content\/uploads\/2023\/12\/IMG_0044-copy-768x797.jpg 768w, https:\/\/scoalamartisor.ro\/wp-content\/uploads\/2023\/12\/IMG_0044-copy-1481x1536.jpg 1481w, https:\/\/scoalamartisor.ro\/wp-content\/uploads\/2023\/12\/IMG_0044-copy.jpg 1714w\" sizes=\"auto, (max-width: 987px) 100vw, 987px\" \/><button\n\t\t\tclass=\"lightbox-trigger\"\n\t\t\ttype=\"button\"\n\t\t\taria-haspopup=\"dialog\"\n\t\t\taria-label=\"Extinde\"\n\t\t\tdata-wp-init=\"callbacks.initTriggerButton\"\n\t\t\tdata-wp-on--click=\"actions.showLightbox\"\n\t\t\tdata-wp-style--right=\"state.imageButtonRight\"\n\t\t\tdata-wp-style--top=\"state.imageButtonTop\"\n\t\t>\n\t\t\t<svg xmlns=\"http:\/\/www.w3.org\/2000\/svg\" width=\"12\" height=\"12\" fill=\"none\" viewBox=\"0 0 12 12\">\n\t\t\t\t<path fill=\"#fff\" d=\"M2 0a2 2 0 0 0-2 2v2h1.5V2a.5.5 0 0 1 .5-.5h2V0H2Zm2 10.5H2a.5.5 0 0 1-.5-.5V8H0v2a2 2 0 0 0 2 2h2v-1.5ZM8 12v-1.5h2a.5.5 0 0 0 .5-.5V8H12v2a2 2 0 0 1-2 2H8Zm2-12a2 2 0 0 1 2 2v2h-1.5V2a.5.5 0 0 0-.5-.5H8V0h2Z\" \/>\n\t\t\t<\/svg>\n\t\t<\/button><\/figure>\n\n\n\n<figure data-wp-context=\"{&quot;imageId&quot;:&quot;69e74eb12e576&quot;}\" data-wp-interactive=\"core\/image\" data-wp-key=\"69e74eb12e576\" class=\"wp-block-image size-large has-custom-border is-style-default wp-lightbox-container\"><img loading=\"lazy\" decoding=\"async\" width=\"1024\" height=\"702\" data-wp-class--hide=\"state.isContentHidden\" data-wp-class--show=\"state.isContentVisible\" data-wp-init=\"callbacks.setButtonStyles\" data-wp-on--click=\"actions.showLightbox\" data-wp-on--load=\"callbacks.setButtonStyles\" data-wp-on-window--resize=\"callbacks.setButtonStyles\" data-id=\"626\" src=\"https:\/\/scoalamartisor.ro\/wp-content\/uploads\/2023\/12\/22CAB1B9-CF4D-4A00-88BD-2697BBD70EDF-1024x702.jpg\" alt=\"\" class=\"wp-image-626\" style=\"border-style:none;border-width:0px;border-radius:0px\" srcset=\"https:\/\/scoalamartisor.ro\/wp-content\/uploads\/2023\/12\/22CAB1B9-CF4D-4A00-88BD-2697BBD70EDF-1024x702.jpg 1024w, https:\/\/scoalamartisor.ro\/wp-content\/uploads\/2023\/12\/22CAB1B9-CF4D-4A00-88BD-2697BBD70EDF-300x206.jpg 300w, https:\/\/scoalamartisor.ro\/wp-content\/uploads\/2023\/12\/22CAB1B9-CF4D-4A00-88BD-2697BBD70EDF-768x527.jpg 768w, https:\/\/scoalamartisor.ro\/wp-content\/uploads\/2023\/12\/22CAB1B9-CF4D-4A00-88BD-2697BBD70EDF-1536x1054.jpg 1536w, https:\/\/scoalamartisor.ro\/wp-content\/uploads\/2023\/12\/22CAB1B9-CF4D-4A00-88BD-2697BBD70EDF.jpg 2000w\" sizes=\"auto, (max-width: 1024px) 100vw, 1024px\" \/><button\n\t\t\tclass=\"lightbox-trigger\"\n\t\t\ttype=\"button\"\n\t\t\taria-haspopup=\"dialog\"\n\t\t\taria-label=\"Extinde\"\n\t\t\tdata-wp-init=\"callbacks.initTriggerButton\"\n\t\t\tdata-wp-on--click=\"actions.showLightbox\"\n\t\t\tdata-wp-style--right=\"state.imageButtonRight\"\n\t\t\tdata-wp-style--top=\"state.imageButtonTop\"\n\t\t>\n\t\t\t<svg xmlns=\"http:\/\/www.w3.org\/2000\/svg\" width=\"12\" height=\"12\" fill=\"none\" viewBox=\"0 0 12 12\">\n\t\t\t\t<path fill=\"#fff\" d=\"M2 0a2 2 0 0 0-2 2v2h1.5V2a.5.5 0 0 1 .5-.5h2V0H2Zm2 10.5H2a.5.5 0 0 1-.5-.5V8H0v2a2 2 0 0 0 2 2h2v-1.5ZM8 12v-1.5h2a.5.5 0 0 0 .5-.5V8H12v2a2 2 0 0 1-2 2H8Zm2-12a2 2 0 0 1 2 2v2h-1.5V2a.5.5 0 0 0-.5-.5H8V0h2Z\" \/>\n\t\t\t<\/svg>\n\t\t<\/button><\/figure>\n<\/figure>\n\n\n\n<p><\/p>\n","protected":false},"excerpt":{"rendered":"<p>Ziua Armatei Rom\u00e2ne Ziua Armatei Rom\u00e2ne a fost s\u0103rb\u0103torit\u0103 cu entuziasm, iar elevii no\u0219tri au avut parte de o experien\u021b\u0103 deosebit\u0103. Vezi mai multe&#8230; Concursuri sportive Suntem m\u00e2ndri s\u0103 anun\u021b\u0103m rezultatele ob\u021binute de elevii no\u0219tri la diferite competi\u021bii sportive. Vezi rezultatele&#8230; S\u0103rb\u0103torirea primelor 100 de zile de \u0219coal\u0103 Cu ocazia \u00eemplinirii celor 100 de zile&hellip;&nbsp;<a href=\"https:\/\/scoalamartisor.ro\/\" class=\"\" rel=\"bookmark\">Cite\u0219te mai mult &raquo;<span class=\"screen-reader-text\">Home<\/span><\/a><\/p>\n","protected":false},"author":1,"featured_media":313,"parent":0,"menu_order":0,"comment_status":"closed","ping_status":"closed","template":"","meta":{"neve_meta_sidebar":"","neve_meta_container":"","neve_meta_enable_content_width":"","neve_meta_content_width":0,"neve_meta_title_alignment":"","neve_meta_author_avatar":"","neve_post_elements_order":"","neve_meta_disable_header":"","neve_meta_disable_footer":"","neve_meta_disable_title":"","footnotes":""},"class_list":["post-187","page","type-page","status-publish","has-post-thumbnail","hentry"],"_links":{"self":[{"href":"https:\/\/scoalamartisor.ro\/index.php?rest_route=\/wp\/v2\/pages\/187","targetHints":{"allow":["GET"]}}],"collection":[{"href":"https:\/\/scoalamartisor.ro\/index.php?rest_route=\/wp\/v2\/pages"}],"about":[{"href":"https:\/\/scoalamartisor.ro\/index.php?rest_route=\/wp\/v2\/types\/page"}],"author":[{"embeddable":true,"href":"https:\/\/scoalamartisor.ro\/index.php?rest_route=\/wp\/v2\/users\/1"}],"replies":[{"embeddable":true,"href":"https:\/\/scoalamartisor.ro\/index.php?rest_route=%2Fwp%2Fv2%2Fcomments&post=187"}],"version-history":[{"count":77,"href":"https:\/\/scoalamartisor.ro\/index.php?rest_route=\/wp\/v2\/pages\/187\/revisions"}],"predecessor-version":[{"id":1252,"href":"https:\/\/scoalamartisor.ro\/index.php?rest_route=\/wp\/v2\/pages\/187\/revisions\/1252"}],"wp:featuredmedia":[{"embeddable":true,"href":"https:\/\/scoalamartisor.ro\/index.php?rest_route=\/wp\/v2\/media\/313"}],"wp:attachment":[{"href":"https:\/\/scoalamartisor.ro\/index.php?rest_route=%2Fwp%2Fv2%2Fmedia&parent=187"}],"curies":[{"name":"wp","href":"https:\/\/api.w.org\/{rel}","templated":true}]}}