{"id":1141,"date":"2025-09-10T10:29:22","date_gmt":"2025-09-10T10:29:22","guid":{"rendered":"https:\/\/scoalamartisor.ro\/?page_id=1141"},"modified":"2025-09-10T10:47:12","modified_gmt":"2025-09-10T10:47:12","slug":"burse-si-ajutoare-sociale-2025","status":"publish","type":"page","link":"https:\/\/scoalamartisor.ro\/?page_id=1141","title":{"rendered":"Burse \u0219i Ajutoare Sociale 2025"},"content":{"rendered":"\n<p><\/p>\n\n\n\n<p class=\"has-text-align-center\"><strong>Anun\u021b burse \u0219colare 2025-2026<\/strong><\/p>\n\n\n\n<div class=\"wp-block-file aligncenter\"><a id=\"wp-block-file--media-d8db0dbb-bfb5-46be-9be0-a827fad43b25\" href=\"https:\/\/scoalamartisor.ro\/wp-content\/uploads\/2025\/09\/ANUNT-BURSE-SCOLARE-2025-2026-Martisor.pdf\">ANUNT BURSE \u015eCOLARE 2025-2026<\/a><a href=\"https:\/\/scoalamartisor.ro\/wp-content\/uploads\/2025\/09\/ANUNT-BURSE-SCOLARE-2025-2026-Martisor.pdf\" class=\"wp-block-file__button wp-element-button\" download aria-describedby=\"wp-block-file--media-d8db0dbb-bfb5-46be-9be0-a827fad43b25\">Download<\/a><\/div>\n\n\n\n<hr class=\"wp-block-separator has-alpha-channel-opacity\"\/>\n\n\n\n<p class=\"has-text-align-center\"><br>Cerere burs\u0103 social\u0103 venit mic<\/p>\n\n\n\n<div class=\"wp-block-file aligncenter\"><a id=\"wp-block-file--media-c855dd15-ce8d-4c47-8834-10dd82fb303c\" href=\"https:\/\/scoalamartisor.ro\/wp-content\/uploads\/2025\/09\/4.CERERE-BURSE-SOCIALA-VENIT-MIC-Martisor.docx\">CERERE BURS\u0102 SOCIAL\u0102 &#8211; VENIT MIC<\/a><a href=\"https:\/\/scoalamartisor.ro\/wp-content\/uploads\/2025\/09\/4.CERERE-BURSE-SOCIALA-VENIT-MIC-Martisor.docx\" class=\"wp-block-file__button wp-element-button\" download aria-describedby=\"wp-block-file--media-c855dd15-ce8d-4c47-8834-10dd82fb303c\">Download<\/a><\/div>\n\n\n\n<hr class=\"wp-block-separator has-alpha-channel-opacity\"\/>\n\n\n\n<p class=\"has-text-align-center\">Cerere burs\u0103 social\u0103 orfan<\/p>\n\n\n\n<div class=\"wp-block-file aligncenter\"><a id=\"wp-block-file--media-715efe64-ed7a-4e6c-ae1b-068e11bf6b45\" href=\"https:\/\/scoalamartisor.ro\/wp-content\/uploads\/2025\/09\/5.CERERE-BURSE-SOCIALA-orfan-Martisor.docx\">CERERE BURS\u0102 SOCIAL\u0102 &#8211; ORFAN<\/a><a href=\"https:\/\/scoalamartisor.ro\/wp-content\/uploads\/2025\/09\/5.CERERE-BURSE-SOCIALA-orfan-Martisor.docx\" class=\"wp-block-file__button wp-element-button\" download aria-describedby=\"wp-block-file--media-715efe64-ed7a-4e6c-ae1b-068e11bf6b45\">Download<\/a><\/div>\n\n\n\n<hr class=\"wp-block-separator has-alpha-channel-opacity\"\/>\n\n\n\n<p class=\"has-text-align-center\">Cerere burs\u0103 social\u0103 medical\u0103<\/p>\n\n\n\n<div class=\"wp-block-file aligncenter\"><a id=\"wp-block-file--media-29d1684a-99bd-434b-a748-9e558d9c9ef9\" href=\"https:\/\/scoalamartisor.ro\/wp-content\/uploads\/2025\/09\/7.CERERE-BURSE-SOCIALA-medicala-Martisor.docx\">CERERE BURS\u0102 SOCIAL\u0102 &#8211; MEDICAL\u0102<\/a><a href=\"https:\/\/scoalamartisor.ro\/wp-content\/uploads\/2025\/09\/7.CERERE-BURSE-SOCIALA-medicala-Martisor.docx\" class=\"wp-block-file__button wp-element-button\" download aria-describedby=\"wp-block-file--media-29d1684a-99bd-434b-a748-9e558d9c9ef9\">Download<\/a><\/div>\n\n\n\n<hr class=\"wp-block-separator has-alpha-channel-opacity\"\/>\n\n\n\n<p class=\"has-text-align-center\">Cerere acordare rechizite \u0219colare gratuite<\/p>\n\n\n\n<div class=\"wp-block-file aligncenter\"><a id=\"wp-block-file--media-771c52da-ad29-4a3a-9a8d-fc153c9b77dc\" href=\"https:\/\/scoalamartisor.ro\/wp-content\/uploads\/2025\/09\/8.CERERE-acordare-rechizite-scolare-gratuite-Martisor.docx\">CERERE ACORDARE RECHIZITE \u0218COLARE GRATUITE<\/a><a href=\"https:\/\/scoalamartisor.ro\/wp-content\/uploads\/2025\/09\/8.CERERE-acordare-rechizite-scolare-gratuite-Martisor.docx\" class=\"wp-block-file__button wp-element-button\" download aria-describedby=\"wp-block-file--media-771c52da-ad29-4a3a-9a8d-fc153c9b77dc\">Download<\/a><\/div>\n\n\n\n<hr class=\"wp-block-separator has-alpha-channel-opacity\"\/>\n\n\n\n<p class=\"has-text-align-center\"><strong>Preciz\u0103ri privind acordarea rechizitelor \u0219colare gratuite pentru anul 2025-2026<\/strong><\/p>\n\n\n\n<div class=\"wp-block-file aligncenter\"><a id=\"wp-block-file--media-5ed21352-c166-4c18-9b0d-10fb31c22032\" href=\"https:\/\/scoalamartisor.ro\/wp-content\/uploads\/2025\/09\/Precizari-acordare-rechizite-scolare-2025-2026.docx\">PRECIZ\u0102RI ACORDARE RECHIZITE \u0218COLARE 2025-2026<\/a><a href=\"https:\/\/scoalamartisor.ro\/wp-content\/uploads\/2025\/09\/Precizari-acordare-rechizite-scolare-2025-2026.docx\" class=\"wp-block-file__button wp-element-button\" download aria-describedby=\"wp-block-file--media-5ed21352-c166-4c18-9b0d-10fb31c22032\">Download<\/a><\/div>\n\n\n\n<p><\/p>\n","protected":false},"excerpt":{"rendered":"<p>Anun\u021b burse \u0219colare 2025-2026 Cerere burs\u0103 social\u0103 venit mic Cerere burs\u0103 social\u0103 orfan Cerere burs\u0103 social\u0103 medical\u0103 Cerere acordare rechizite \u0219colare gratuite Preciz\u0103ri privind acordarea rechizitelor \u0219colare gratuite pentru anul 2025-2026<\/p>\n","protected":false},"author":3,"featured_media":0,"parent":0,"menu_order":0,"comment_status":"closed","ping_status":"closed","template":"","meta":{"neve_meta_sidebar":"","neve_meta_container":"","neve_meta_enable_content_width":"","neve_meta_content_width":0,"neve_meta_title_alignment":"","neve_meta_author_avatar":"","neve_post_elements_order":"","neve_meta_disable_header":"","neve_meta_disable_footer":"","neve_meta_disable_title":"","footnotes":""},"class_list":["post-1141","page","type-page","status-publish","hentry"],"_links":{"self":[{"href":"https:\/\/scoalamartisor.ro\/index.php?rest_route=\/wp\/v2\/pages\/1141","targetHints":{"allow":["GET"]}}],"collection":[{"href":"https:\/\/scoalamartisor.ro\/index.php?rest_route=\/wp\/v2\/pages"}],"about":[{"href":"https:\/\/scoalamartisor.ro\/index.php?rest_route=\/wp\/v2\/types\/page"}],"author":[{"embeddable":true,"href":"https:\/\/scoalamartisor.ro\/index.php?rest_route=\/wp\/v2\/users\/3"}],"replies":[{"embeddable":true,"href":"https:\/\/scoalamartisor.ro\/index.php?rest_route=%2Fwp%2Fv2%2Fcomments&post=1141"}],"version-history":[{"count":5,"href":"https:\/\/scoalamartisor.ro\/index.php?rest_route=\/wp\/v2\/pages\/1141\/revisions"}],"predecessor-version":[{"id":1155,"href":"https:\/\/scoalamartisor.ro\/index.php?rest_route=\/wp\/v2\/pages\/1141\/revisions\/1155"}],"wp:attachment":[{"href":"https:\/\/scoalamartisor.ro\/index.php?rest_route=%2Fwp%2Fv2%2Fmedia&parent=1141"}],"curies":[{"name":"wp","href":"https:\/\/api.w.org\/{rel}","templated":true}]}}