{"id":1031,"date":"2025-03-03T11:02:49","date_gmt":"2025-03-03T11:02:49","guid":{"rendered":"https:\/\/scoalamartisor.ro\/?page_id=1031"},"modified":"2025-04-02T18:33:57","modified_gmt":"2025-04-02T18:33:57","slug":"simulare","status":"publish","type":"page","link":"https:\/\/scoalamartisor.ro\/?page_id=1031","title":{"rendered":"Simulare"},"content":{"rendered":"\n<h2 class=\"wp-block-heading has-text-align-center\">Simulare Limba Rom\u00e2n\u0103 2025<\/h2>\n\n\n\n<p><\/p>\n\n\n\n<div data-wp-interactive=\"core\/file\" class=\"wp-block-file aligncenter\"><object data-wp-bind--hidden=\"!state.hasPdfPreview\" hidden class=\"wp-block-file__embed\" data=\"https:\/\/scoalamartisor.ro\/wp-content\/uploads\/2025\/04\/Informare-sinteza-privind-rezultatele-inregistrate-la-simularea-EN8-2025.pdf\" type=\"application\/pdf\" style=\"width:100%;height:600px\" aria-label=\"\u00cenglobare pentru Informare sintez\u0103 privind rezultatele \u00eenregistrate la simularea EN8 2025.\"><\/object><a id=\"wp-block-file--media-f8d7a7ce-136c-4e7b-8e30-8747318d532f\" href=\"https:\/\/scoalamartisor.ro\/wp-content\/uploads\/2025\/04\/Informare-sinteza-privind-rezultatele-inregistrate-la-simularea-EN8-2025.pdf\">Informare sintez\u0103 privind rezultatele \u00eenregistrate la simularea EN8 2025<\/a><a href=\"https:\/\/scoalamartisor.ro\/wp-content\/uploads\/2025\/04\/Informare-sinteza-privind-rezultatele-inregistrate-la-simularea-EN8-2025.pdf\" class=\"wp-block-file__button wp-element-button\" download aria-describedby=\"wp-block-file--media-f8d7a7ce-136c-4e7b-8e30-8747318d532f\">Download<\/a><\/div>\n\n\n\n<p><\/p>\n\n\n\n<p><\/p>\n\n\n\n<div data-wp-interactive=\"core\/file\" class=\"wp-block-file aligncenter\"><object data-wp-bind--hidden=\"!state.hasPdfPreview\" hidden class=\"wp-block-file__embed\" data=\"https:\/\/scoalamartisor.ro\/wp-content\/uploads\/2025\/03\/Anexa_10_Programa_Lb_romana_simulare_EN_VIII_2025.pdf\" type=\"application\/pdf\" style=\"width:100%;height:600px\" aria-label=\"\u00cenglobare pentru Anexa_10_Programa_Lb_romana_simulare_EN_VIII_2025.\"><\/object><a id=\"wp-block-file--media-047cb227-ee9e-459f-978b-9e2eba99e4de\" href=\"https:\/\/scoalamartisor.ro\/wp-content\/uploads\/2025\/03\/Anexa_10_Programa_Lb_romana_simulare_EN_VIII_2025.pdf\">Anexa_10_Programa_Lb_romana_simulare_EN_VIII_2025<\/a><a href=\"https:\/\/scoalamartisor.ro\/wp-content\/uploads\/2025\/03\/Anexa_10_Programa_Lb_romana_simulare_EN_VIII_2025.pdf\" class=\"wp-block-file__button wp-element-button\" download aria-describedby=\"wp-block-file--media-047cb227-ee9e-459f-978b-9e2eba99e4de\">Download<\/a><\/div>\n\n\n\n<p><\/p>\n\n\n\n<h2 class=\"wp-block-heading has-text-align-center\">Simulare Matematic\u0103 2025<\/h2>\n\n\n\n<p><\/p>\n\n\n\n<div data-wp-interactive=\"core\/file\" class=\"wp-block-file aligncenter\"><object data-wp-bind--hidden=\"!state.hasPdfPreview\" hidden class=\"wp-block-file__embed\" data=\"https:\/\/scoalamartisor.ro\/wp-content\/uploads\/2025\/03\/Anexa_11_Programa_Matematica_simulare_EN_VIII_2025.pdf\" type=\"application\/pdf\" style=\"width:100%;height:600px\" aria-label=\"\u00cenglobare pentru Anexa_11_Programa_Matematica_simulare_EN_VIII_2025.\"><\/object><a id=\"wp-block-file--media-f5973248-508f-4124-905e-236ad40c5c2a\" href=\"https:\/\/scoalamartisor.ro\/wp-content\/uploads\/2025\/03\/Anexa_11_Programa_Matematica_simulare_EN_VIII_2025.pdf\">Anexa_11_Programa_Matematica_simulare_EN_VIII_2025<\/a><a href=\"https:\/\/scoalamartisor.ro\/wp-content\/uploads\/2025\/03\/Anexa_11_Programa_Matematica_simulare_EN_VIII_2025.pdf\" class=\"wp-block-file__button wp-element-button\" download aria-describedby=\"wp-block-file--media-f5973248-508f-4124-905e-236ad40c5c2a\">Download<\/a><\/div>\n\n\n\n<p><\/p>\n","protected":false},"excerpt":{"rendered":"<p>Simulare Limba Rom\u00e2n\u0103 2025 Simulare Matematic\u0103 2025<\/p>\n","protected":false},"author":3,"featured_media":0,"parent":0,"menu_order":0,"comment_status":"closed","ping_status":"closed","template":"","meta":{"neve_meta_sidebar":"","neve_meta_container":"","neve_meta_enable_content_width":"","neve_meta_content_width":0,"neve_meta_title_alignment":"","neve_meta_author_avatar":"","neve_post_elements_order":"","neve_meta_disable_header":"","neve_meta_disable_footer":"","neve_meta_disable_title":"","footnotes":""},"class_list":["post-1031","page","type-page","status-publish","hentry"],"_links":{"self":[{"href":"https:\/\/scoalamartisor.ro\/index.php?rest_route=\/wp\/v2\/pages\/1031","targetHints":{"allow":["GET"]}}],"collection":[{"href":"https:\/\/scoalamartisor.ro\/index.php?rest_route=\/wp\/v2\/pages"}],"about":[{"href":"https:\/\/scoalamartisor.ro\/index.php?rest_route=\/wp\/v2\/types\/page"}],"author":[{"embeddable":true,"href":"https:\/\/scoalamartisor.ro\/index.php?rest_route=\/wp\/v2\/users\/3"}],"replies":[{"embeddable":true,"href":"https:\/\/scoalamartisor.ro\/index.php?rest_route=%2Fwp%2Fv2%2Fcomments&post=1031"}],"version-history":[{"count":2,"href":"https:\/\/scoalamartisor.ro\/index.php?rest_route=\/wp\/v2\/pages\/1031\/revisions"}],"predecessor-version":[{"id":1127,"href":"https:\/\/scoalamartisor.ro\/index.php?rest_route=\/wp\/v2\/pages\/1031\/revisions\/1127"}],"wp:attachment":[{"href":"https:\/\/scoalamartisor.ro\/index.php?rest_route=%2Fwp%2Fv2%2Fmedia&parent=1031"}],"curies":[{"name":"wp","href":"https:\/\/api.w.org\/{rel}","templated":true}]}}